{"id":3475,"date":"2025-06-14T21:49:02","date_gmt":"2025-06-14T21:49:02","guid":{"rendered":"https:\/\/vpntelecomunicaciones.com\/vpn\/?page_id=3475"},"modified":"2025-06-14T21:49:04","modified_gmt":"2025-06-14T21:49:04","slug":"sitios-para-interponer-denuncias-por-posibles-faltas-en-internet","status":"publish","type":"page","link":"https:\/\/vpntelecomunicaciones.com\/vpn\/sitios-para-interponer-denuncias-por-posibles-faltas-en-internet\/","title":{"rendered":"Sitios para Interponer Denuncias por posibles faltas en Internet"},"content":{"rendered":"\n<p>MATERIAL DE ABUSO DE NI\u00d1AS, NI\u00d1OS Y ADOLESCENTES.<\/p>\n\n\n\n<p>En TIC conf\u00edo es la estrategia de promoci\u00f3n de uso responsable de internet y de las nuevas tecnolog\u00edas del Ministerio de las Tecnolog\u00edas de la Informaci\u00f3n y las Comunicaciones. Ayuda a la sociedad a desenvolverse e interactuar responsablemente con las TIC, al tiempo que promueve la cero tolerancia con la pornograf\u00eda infantil y la convivencia digital. En cumplimiento de la Ley 679 de 2001 y Decreto 1524 de 2002, Colombia Telecomunicaciones S.A. E.S.P. previene la divulgaci\u00f3n de material de pornograf\u00eda infantil a trav\u00e9s de las redes y equipos de c\u00f3mputo bajo su directa administraci\u00f3n.<\/p>\n\n\n\n<p>En este sitio web, encontrar\u00e1s mayor informaci\u00f3n complementaria en sus diversas secciones.<\/p>\n\n\n\n<p>En los siguientes lugares se pueden realizar denuncias relacionadas con sitios y contenidos de pornograf\u00eda infantil, as\u00ed como p\u00e1ginas web que ofrezcan servicios sexuales con ni\u00f1os:<\/p>\n\n\n\n<p class=\"has-black-color has-text-color has-link-color wp-elements-602604df729e0b60e29f7ef54d4e3f0f\">MINISTERIO DE LAS TECNOLOG\u00cdAS DE LA INFORMACI\u00d3N Y LAS COMUNICACIONES<br><a href=\"https:\/\/mintic.gov.co\/portal\/inicio\/Atencion-y-Servicio-a-la-Ciudadania\/Preguntas-frecuentes\/15261:En-TIC-Confio\" target=\"_blank\" rel=\"noreferrer noopener\">En tic confio<\/a><br><a href=\"https:\/\/teprotejo.org\/\" target=\"_blank\" rel=\"noreferrer noopener\">www.teprotejo.org<\/a>\u00a0o descarga el app en las tiendas iOS o Android.<\/p>\n\n\n\n<p>FISCAL\u00cdA GENERAL DE LA NACI\u00d3N<br>Tel\u00e9fono: 01 800 0912280<br><a href=\"https:\/\/www.fiscalia.gov.co\/colombia\/\">Fiscalia General de la Naci\u00f3n<\/a><\/p>\n\n\n\n<p>DIRECCI\u00d3N CENTRAL DE POLIC\u00cdA JUDICIAL \u2013 DIJIN<br>Grupo Investigativo Delitos Inform\u00e1ticos<br>Carrera 77A # 45-61 Barrio Modelia<br>Tel\u00e9fonos: PBX: 426 6900 Ext. 6301-6302<br>Directo: 4266300<\/p>\n\n\n\n<p>INSTITUTO COLOMBIANO DE BIENESTAR FAMILIAR<br>L\u00ednea gratuita nacional ICBF:(57 1) 01 8000 91 80 80. Disponible de lunes a domingo las 24 horas.<br>L\u00ednea de prevenci\u00f3n abuso sexual:(57 1) 01 8000 11 24 40. Disponible de lunes a domingo las 24 horas.<\/p>\n\n\n\n<p class=\"has-black-color has-text-color has-link-color wp-elements-f3b9ca9e9bae091f83f20a72861c313b\">Canales de Atenci\u00f3n en L\u00ednea:<br>Chat ICBF y Llamada en L\u00ednea disponibles de lunes a domingo las 24 horas.<br>Videollamada disponible de lunes a viernes de 7:00 AM a 7:00 PM en jornada cont\u00ednua.<br>Correo de Atenci\u00f3n al Ciudadano.<br><a href=\"https:\/\/www.icbf.gov.co\/\" target=\"_blank\" rel=\"noreferrer noopener\">www.icbf.gov.co<\/a><\/p>\n\n\n\n<p class=\"has-black-color has-text-color has-link-color wp-elements-c9d5164bb065defe09164e33cbd28c1e\">Normas LEY 679 DE 2001 (agosto 3)<br>Diario Oficial No. 44.509 del 4 de agosto de 2001por medio de la cual se expide un estatuto para prevenir y contrarrestar la explotaci\u00f3n, la pornograf\u00eda y el turismo sexual con menores, en desarrollo del art\u00edculo 44 de la Constituci\u00f3n.<br>Descargar&nbsp;<a href=\"https:\/\/dialnet.net\/wp-content\/uploads\/2024\/04\/Ley679.pdf\">Ley 679 de 2001&nbsp;<\/a><\/p>\n\n\n\n<p class=\"has-black-color has-text-color has-link-color wp-elements-7a1898304c8d79cb60c6b221d6d8c332\">DECRETO N\u00daMERO 067 DE 2003 (enero 15)<br>Diario Oficial 45. 066 17-01-2003 Ministerio de Comunicaciones que el 24 de julio de 2002 se expidi\u00f3 el Decreto 1524 de 2002, el cual tiene por objeto reglamentar el art\u00edculo 5\u00b0 de la Ley 679 de 2001, con el fin de establecer las medidas t\u00e9cnicas y administrativas destinadas a prevenir el acceso de menores de edad a cualquier modalidad de informaci\u00f3n pornogr\u00e1fica contenida en Internet o en las distintas clases de redes inform\u00e1ticas a las cuales se tenga acceso mediante redes globales de informaci\u00f3n.<br>Descargar archivo\u00a0<a href=\"https:\/\/dialnet.net\/wp-content\/uploads\/2024\/04\/Decreto067.pdf\" target=\"_blank\" rel=\"noreferrer noopener\">Decreto 067 de 2003 pr\u00f3rroga<\/a><\/p>\n\n\n\n<p class=\"has-black-color has-text-color has-link-color wp-elements-dbc7df3b6b0a6553918cfa1d2cf00a9b\">DECRETO N\u00daMERO 1524 DE 2002 (julio 24)<br>Publicado el 31 de julio de 2002 MINISTERIO DE COMUNICACIONES por el cual reglamenta el art\u00edculo 5\u00b0 de la Ley 679 de 2001, que de conformidad con lo dispuesto por el art\u00edculo 44 de la Constituci\u00f3n Pol\u00edtica, los ni\u00f1os ser\u00e1n protegidos contra toda forma de abandono, violencia f\u00edsica o moral, secuestro, venta, abuso sexual, explotaci\u00f3n laboral o econ\u00f3mica y trabajos riesgosos.<br>Descargar archivo\u00a0<a href=\"https:\/\/dialnet.net\/wp-content\/uploads\/2024\/04\/DECRETO1524-02.pdf\" target=\"_blank\" rel=\"noreferrer noopener\">DECRETO 1524-02 Mincomunicaciones\u00a0<\/a><\/p>\n\n\n\n<p><\/p>\n","protected":false},"excerpt":{"rendered":"<p>MATERIAL DE ABUSO DE NI\u00d1AS, NI\u00d1OS Y ADOLESCENTES. En TIC conf\u00edo es la estrategia de promoci\u00f3n de uso responsable de internet y de las nuevas tecnolog\u00edas del Ministerio de las Tecnolog\u00edas de la Informaci\u00f3n y las Comunicaciones. Ayuda a la sociedad a desenvolverse e interactuar responsablemente con las TIC, al tiempo que promueve la cero [&hellip;]<\/p>\n","protected":false},"author":1,"featured_media":0,"parent":0,"menu_order":0,"comment_status":"closed","ping_status":"closed","template":"","meta":{"_surecart_dashboard_logo_width":"180px","_surecart_dashboard_show_logo":true,"_surecart_dashboard_navigation_orders":true,"_surecart_dashboard_navigation_invoices":true,"_surecart_dashboard_navigation_subscriptions":true,"_surecart_dashboard_navigation_downloads":true,"_surecart_dashboard_navigation_billing":true,"_surecart_dashboard_navigation_account":true,"_uag_custom_page_level_css":"","site-sidebar-layout":"default","site-content-layout":"","ast-site-content-layout":"default","site-content-style":"default","site-sidebar-style":"default","ast-global-header-display":"","ast-banner-title-visibility":"","ast-main-header-display":"","ast-hfb-above-header-display":"","ast-hfb-below-header-display":"","ast-hfb-mobile-header-display":"","site-post-title":"","ast-breadcrumbs-content":"","ast-featured-img":"","footer-sml-layout":"","theme-transparent-header-meta":"","adv-header-id-meta":"","stick-header-meta":"","header-above-stick-meta":"","header-main-stick-meta":"","header-below-stick-meta":"","astra-migrate-meta-layouts":"set","ast-page-background-enabled":"default","ast-page-background-meta":{"desktop":{"background-color":"","background-image":"","background-repeat":"repeat","background-position":"center center","background-size":"auto","background-attachment":"scroll","background-type":"","background-media":"","overlay-type":"","overlay-color":"","overlay-opacity":"","overlay-gradient":""},"tablet":{"background-color":"","background-image":"","background-repeat":"repeat","background-position":"center center","background-size":"auto","background-attachment":"scroll","background-type":"","background-media":"","overlay-type":"","overlay-color":"","overlay-opacity":"","overlay-gradient":""},"mobile":{"background-color":"","background-image":"","background-repeat":"repeat","background-position":"center center","background-size":"auto","background-attachment":"scroll","background-type":"","background-media":"","overlay-type":"","overlay-color":"","overlay-opacity":"","overlay-gradient":""}},"ast-content-background-meta":{"desktop":{"background-color":"var(--ast-global-color-5)","background-image":"","background-repeat":"repeat","background-position":"center center","background-size":"auto","background-attachment":"scroll","background-type":"","background-media":"","overlay-type":"","overlay-color":"","overlay-opacity":"","overlay-gradient":""},"tablet":{"background-color":"var(--ast-global-color-5)","background-image":"","background-repeat":"repeat","background-position":"center center","background-size":"auto","background-attachment":"scroll","background-type":"","background-media":"","overlay-type":"","overlay-color":"","overlay-opacity":"","overlay-gradient":""},"mobile":{"background-color":"var(--ast-global-color-5)","background-image":"","background-repeat":"repeat","background-position":"center center","background-size":"auto","background-attachment":"scroll","background-type":"","background-media":"","overlay-type":"","overlay-color":"","overlay-opacity":"","overlay-gradient":""}},"footnotes":""},"class_list":["post-3475","page","type-page","status-publish","hentry"],"uagb_featured_image_src":{"full":false,"thumbnail":false,"medium":false,"medium_large":false,"large":false,"1536x1536":false,"2048x2048":false},"uagb_author_info":{"display_name":"jucar70","author_link":"https:\/\/vpntelecomunicaciones.com\/vpn\/author\/jucar70\/"},"uagb_comment_info":0,"uagb_excerpt":"MATERIAL DE ABUSO DE NI\u00d1AS, NI\u00d1OS Y ADOLESCENTES. En TIC conf\u00edo es la estrategia de promoci\u00f3n de uso responsable de internet y de las nuevas tecnolog\u00edas del Ministerio de las Tecnolog\u00edas de la Informaci\u00f3n y las Comunicaciones. Ayuda a la sociedad a desenvolverse e interactuar responsablemente con las TIC, al tiempo que promueve la cero&hellip;","_links":{"self":[{"href":"https:\/\/vpntelecomunicaciones.com\/vpn\/wp-json\/wp\/v2\/pages\/3475","targetHints":{"allow":["GET"]}}],"collection":[{"href":"https:\/\/vpntelecomunicaciones.com\/vpn\/wp-json\/wp\/v2\/pages"}],"about":[{"href":"https:\/\/vpntelecomunicaciones.com\/vpn\/wp-json\/wp\/v2\/types\/page"}],"author":[{"embeddable":true,"href":"https:\/\/vpntelecomunicaciones.com\/vpn\/wp-json\/wp\/v2\/users\/1"}],"replies":[{"embeddable":true,"href":"https:\/\/vpntelecomunicaciones.com\/vpn\/wp-json\/wp\/v2\/comments?post=3475"}],"version-history":[{"count":1,"href":"https:\/\/vpntelecomunicaciones.com\/vpn\/wp-json\/wp\/v2\/pages\/3475\/revisions"}],"predecessor-version":[{"id":3476,"href":"https:\/\/vpntelecomunicaciones.com\/vpn\/wp-json\/wp\/v2\/pages\/3475\/revisions\/3476"}],"wp:attachment":[{"href":"https:\/\/vpntelecomunicaciones.com\/vpn\/wp-json\/wp\/v2\/media?parent=3475"}],"curies":[{"name":"wp","href":"https:\/\/api.w.org\/{rel}","templated":true}]}}