{"id":3201,"date":"2024-05-27T12:00:00","date_gmt":"2024-05-27T12:00:00","guid":{"rendered":"https:\/\/vpntelecomunicaciones.com\/vpn\/inicio\/"},"modified":"2025-06-16T00:15:33","modified_gmt":"2025-06-16T00:15:33","slug":"inicio","status":"publish","type":"page","link":"https:\/\/vpntelecomunicaciones.com\/vpn\/","title":{"rendered":"Inicio"},"content":{"rendered":"<h2>Bienvenido a VPN Ingenier\u00eda en Telecomunicaciones<\/h2>\n<p>Somos proveedores de internet por radioenlace en Caldas y el Eje Cafetero.<\/p>\n\n\n<div class=\"wp-block-uagb-slider uagb-block-3e0cd7b7 uagb-slider-container\"><div class=\"uagb-slides uagb-swiper\"><div class=\"swiper-wrapper\">\n<div class=\"wp-block-uagb-slider-child uagb-slider-child-wrap swiper-slide uagb-block-4cc25728\"><div class=\"swiper-content\">\n<div class=\"wp-block-uagb-container uagb-block-32083a37 alignfull uagb-is-root-container\"><div class=\"uagb-container-inner-blocks-wrap\">\n<div class=\"wp-block-group is-layout-constrained wp-block-group-is-layout-constrained\">\n<div class=\"wp-block-uagb-info-box uagb-block-9f44313c uagb-infobox__content-wrap  uagb-infobox-icon-above-title uagb-infobox-image-valign-top\"><div class=\"uagb-ifb-content\"><div class=\"uagb-ifb-image-content\"><img decoding=\"async\" src=\"https:\/\/vpntelecomunicaciones.com\/vpn\/wp-content\/uploads\/2025\/06\/62862f4494a62.jpeg\" alt=\"\" width=\"\" height=\"0\" loading=\"lazy\"\/><\/div><div class=\"uagb-ifb-title-wrap\"><h3 class=\"uagb-ifb-title\">Internet rural<\/h3><\/div><p class=\"uagb-ifb-desc\">Cobertura en \u00e1reas donde otros operadores no llegan<\/p><div class=\"uagb-ifb-button-wrapper wp-block-button\"><a href=\"https:\/\/vpntelecomunicaciones.com\/vpn\/planes\" class=\"uagb-infobox-cta-link wp-block-button__link\" target=\"_self\" rel=\"noopener noreferrer\" onclick=\"return true;\"><span class=\"uagb-inline-editing\">conozca m\u00e1s<\/span><svg xmlns=\"https:\/\/www.w3.org\/2000\/svg\" viewBox=\"0 0 512 512\"><path d=\"M504.3 273.6l-112.1 104c-6.992 6.484-17.18 8.218-25.94 4.406c-8.758-3.812-14.42-12.45-14.42-21.1L351.9 288H32C14.33 288 .0002 273.7 .0002 255.1S14.33 224 32 224h319.9l0-72c0-9.547 5.66-18.19 14.42-22c8.754-3.809 18.95-2.075 25.94 4.41l112.1 104C514.6 247.9 514.6 264.1 504.3 273.6z\"><\/path><\/svg><\/a><\/div><\/div><\/div>\n<\/div>\n<\/div><\/div>\n<\/div><\/div>\n\n\n\n<div class=\"wp-block-uagb-slider-child uagb-slider-child-wrap swiper-slide uagb-block-8440fadc\"><div class=\"swiper-content\">\n<div class=\"wp-block-uagb-container uagb-block-1ea4ed87 alignfull uagb-is-root-container\"><div class=\"uagb-container-inner-blocks-wrap\">\n<div class=\"wp-block-uagb-info-box uagb-block-3564451f uagb-infobox__content-wrap  uagb-infobox-icon-above-title uagb-infobox-image-valign-top\"><div class=\"uagb-ifb-content\"><div class=\"uagb-ifb-image-content\"><img decoding=\"async\" src=\"https:\/\/vpntelecomunicaciones.com\/vpn\/wp-content\/uploads\/2025\/06\/Internet-Rural-Antena-Ubiquiti.webp\" alt=\"\" width=\"\" height=\"0\" loading=\"lazy\"\/><\/div><div class=\"uagb-ifb-title-wrap\"><h3 class=\"uagb-ifb-title\">Proyectos seg\u00fan su necesidad<\/h3><\/div><p class=\"uagb-ifb-desc\">Con a\u00f1os de experiencia en el sector y un equipo t\u00e9cnico calificado, dise\u00f1amos soluciones a la medida de hogares, negocios, instituciones y comunidades.<\/p><div class=\"uagb-ifb-button-wrapper wp-block-button\"><a href=\"https:\/\/vpntelecomunicaciones.com\/vpn\/planes\" class=\"uagb-infobox-cta-link wp-block-button__link\" target=\"_self\" rel=\"noopener noreferrer\" onclick=\"return true;\"><span class=\"uagb-inline-editing\">leer m\u00e1s<\/span><svg xmlns=\"https:\/\/www.w3.org\/2000\/svg\" viewBox=\"0 0 512 512\"><path d=\"M504.3 273.6l-112.1 104c-6.992 6.484-17.18 8.218-25.94 4.406c-8.758-3.812-14.42-12.45-14.42-21.1L351.9 288H32C14.33 288 .0002 273.7 .0002 255.1S14.33 224 32 224h319.9l0-72c0-9.547 5.66-18.19 14.42-22c8.754-3.809 18.95-2.075 25.94 4.41l112.1 104C514.6 247.9 514.6 264.1 504.3 273.6z\"><\/path><\/svg><\/a><\/div><\/div><\/div>\n<\/div><\/div>\n<\/div><\/div>\n\n\n\n<div class=\"wp-block-uagb-slider-child uagb-slider-child-wrap swiper-slide uagb-block-b33798ca\"><div class=\"swiper-content\">\n<div class=\"wp-block-uagb-container uagb-block-61a02e8b alignfull uagb-is-root-container\"><div class=\"uagb-container-inner-blocks-wrap\">\n<div class=\"wp-block-uagb-info-box uagb-block-bcd2c202 uagb-infobox__content-wrap  uagb-infobox-icon-above-title uagb-infobox-image-valign-top\"><div class=\"uagb-ifb-content\"><div class=\"uagb-ifb-image-content\"><img decoding=\"async\" src=\"https:\/\/vpntelecomunicaciones.com\/vpn\/wp-content\/uploads\/2025\/06\/internet-rural.jpg\" alt=\"\" width=\"\" height=\"0\" loading=\"lazy\"\/><\/div><div class=\"uagb-ifb-title-wrap\"><h3 class=\"uagb-ifb-title\">Instalaci\u00f3n r\u00e1pida y personalizada<\/h3><\/div><p class=\"uagb-ifb-desc\">Activamos servicios entre 24 a 72 horas. Evaluamos su ubicaci\u00f3n y adaptamos la instalaci\u00f3n para asegurar la mejor se\u00f1al.<\/p><div class=\"uagb-ifb-button-wrapper wp-block-button\"><a href=\"https:\/\/vpntelecomunicaciones.com\/vpn\/planes\" class=\"uagb-infobox-cta-link wp-block-button__link\" target=\"_self\" rel=\"noopener noreferrer\" onclick=\"return true;\"><span class=\"uagb-inline-editing\">leer m\u00e1s<\/span><svg xmlns=\"https:\/\/www.w3.org\/2000\/svg\" viewBox=\"0 0 512 512\"><path d=\"M504.3 273.6l-112.1 104c-6.992 6.484-17.18 8.218-25.94 4.406c-8.758-3.812-14.42-12.45-14.42-21.1L351.9 288H32C14.33 288 .0002 273.7 .0002 255.1S14.33 224 32 224h319.9l0-72c0-9.547 5.66-18.19 14.42-22c8.754-3.809 18.95-2.075 25.94 4.41l112.1 104C514.6 247.9 514.6 264.1 504.3 273.6z\"><\/path><\/svg><\/a><\/div><\/div><\/div>\n<\/div><\/div>\n<\/div><\/div>\n<\/div><\/div><div class=\"swiper-pagination\"><\/div><div class=\"swiper-button-prev\"><\/div><div class=\"swiper-button-next\"><\/div><\/div>\n\n\n\n<div class=\"wp-block-uagb-container uagb-block-21c53d23 alignfull uagb-is-root-container\"><div class=\"uagb-container-inner-blocks-wrap\">\n<div class=\"wp-block-uagb-container uagb-block-343927f0\">\n<div class=\"wp-block-uagb-image aligncenter uagb-block-d7f91113 wp-block-uagb-image--layout-default wp-block-uagb-image--effect-zoomin wp-block-uagb-image--align-center\"><figure class=\"wp-block-uagb-image__figure\"><a class=\"\" href=\"https:\/\/www.psepagos.co\/PSEHostingUI\/ShowTicketOffice.aspx?ID=11138\" target=\"_blank\" rel=\"noreferrer noopener\"><img loading=\"lazy\" decoding=\"async\" srcset=\"https:\/\/vpntelecomunicaciones.com\/vpn\/wp-content\/uploads\/2025\/06\/banner-50__pse-new-logo-300x215.png ,https:\/\/vpntelecomunicaciones.com\/vpn\/wp-content\/uploads\/2025\/06\/banner-50__pse-new-logo.png 780w, https:\/\/vpntelecomunicaciones.com\/vpn\/wp-content\/uploads\/2025\/06\/banner-50__pse-new-logo.png 360w\" sizes=\"auto, (max-width: 480px) 150px\" src=\"https:\/\/vpntelecomunicaciones.com\/vpn\/wp-content\/uploads\/2025\/06\/banner-50__pse-new-logo-300x215.png\" alt=\"\" class=\"uag-image-3433\" width=\"300\" height=\"215\" title=\"Pago seguro\" loading=\"lazy\" role=\"img\"\/><\/a><figcaption class=\"uagb-image-caption\">Pague su factura<\/figcaption><\/figure><\/div>\n<\/div>\n\n\n\n<div class=\"wp-block-uagb-container uagb-block-ce3eddfc\">\n<div class=\"wp-block-uagb-image aligncenter uagb-block-8bf7c43f wp-block-uagb-image--layout-default wp-block-uagb-image--effect-zoomin wp-block-uagb-image--align-center\"><figure class=\"wp-block-uagb-image__figure\"><a class=\"\" href=\"http:\/\/vpningenieria.speedtestcustom.com\" target=\"_blank\" rel=\"noreferrer noopener\"><img loading=\"lazy\" decoding=\"async\" srcset=\"https:\/\/vpntelecomunicaciones.com\/vpn\/wp-content\/uploads\/2025\/06\/speedtest-300x300.png ,https:\/\/vpntelecomunicaciones.com\/vpn\/wp-content\/uploads\/2025\/06\/speedtest.png 780w, https:\/\/vpntelecomunicaciones.com\/vpn\/wp-content\/uploads\/2025\/06\/speedtest.png 360w\" sizes=\"auto, (max-width: 480px) 150px\" src=\"https:\/\/vpntelecomunicaciones.com\/vpn\/wp-content\/uploads\/2025\/06\/speedtest-300x300.png\" alt=\"\" class=\"uag-image-3432\" width=\"300\" height=\"300\" title=\"Test de velocidad a internet\" loading=\"lazy\" role=\"img\"\/><\/a><figcaption class=\"uagb-image-caption\">Mida la velocidad de su internet<\/figcaption><\/figure><\/div>\n<\/div>\n\n\n\n<div class=\"wp-block-uagb-container uagb-block-f8bdb3c3\">\n<div data-aos= \"fade\" data-aos-duration=\"400\" data-aos-delay=\"0\" data-aos-easing=\"ease\" data-aos-once=\"true\" class=\"wp-block-uagb-image aligncenter uagb-block-64056588 wp-block-uagb-image--layout-default wp-block-uagb-image--effect-zoomin wp-block-uagb-image--align-center\"><figure class=\"wp-block-uagb-image__figure\"><a class=\"\" href=\"https:\/\/vpningenieria.com\/PQR-soporte\" target=\"_blank\" rel=\"noreferrer noopener\"><img loading=\"lazy\" decoding=\"async\" srcset=\"https:\/\/vpntelecomunicaciones.com\/vpn\/wp-content\/uploads\/2021\/03\/emergency.svg ,https:\/\/vpntelecomunicaciones.com\/vpn\/wp-content\/uploads\/2021\/03\/emergency.svg 780w, https:\/\/vpntelecomunicaciones.com\/vpn\/wp-content\/uploads\/2021\/03\/emergency.svg 360w\" sizes=\"auto, (max-width: 480px) 150px\" src=\"https:\/\/vpntelecomunicaciones.com\/vpn\/wp-content\/uploads\/2021\/03\/emergency.svg\" alt=\"\" class=\"uag-image-1683\" width=\"280\" height=\"150\" title=\"\" loading=\"lazy\" role=\"presentation\"\/><\/a><figcaption class=\"uagb-image-caption\">Petici\u00f3n, queja, PQRS<\/figcaption><\/figure><\/div>\n<\/div>\n<\/div><\/div>\n\n\n\n<p><\/p>\n","protected":false},"excerpt":{"rendered":"<p>Bienvenido a VPN Ingenier\u00eda en Telecomunicaciones Somos proveedores de internet por radioenlace en Caldas y el Eje Cafetero.<\/p>\n","protected":false},"author":1,"featured_media":0,"parent":0,"menu_order":0,"comment_status":"closed","ping_status":"closed","template":"","meta":{"_surecart_dashboard_logo_width":"180px","_surecart_dashboard_show_logo":true,"_surecart_dashboard_navigation_orders":true,"_surecart_dashboard_navigation_invoices":true,"_surecart_dashboard_navigation_subscriptions":true,"_surecart_dashboard_navigation_downloads":true,"_surecart_dashboard_navigation_billing":true,"_surecart_dashboard_navigation_account":true,"_uag_custom_page_level_css":"","site-sidebar-layout":"default","site-content-layout":"","ast-site-content-layout":"default","site-content-style":"default","site-sidebar-style":"default","ast-global-header-display":"","ast-banner-title-visibility":"","ast-main-header-display":"","ast-hfb-above-header-display":"","ast-hfb-below-header-display":"","ast-hfb-mobile-header-display":"","site-post-title":"","ast-breadcrumbs-content":"","ast-featured-img":"","footer-sml-layout":"","theme-transparent-header-meta":"","adv-header-id-meta":"","stick-header-meta":"","header-above-stick-meta":"","header-main-stick-meta":"","header-below-stick-meta":"","astra-migrate-meta-layouts":"set","ast-page-background-enabled":"default","ast-page-background-meta":{"desktop":{"background-color":"","background-image":"","background-repeat":"repeat","background-position":"center center","background-size":"auto","background-attachment":"scroll","background-type":"","background-media":"","overlay-type":"","overlay-color":"","overlay-opacity":"","overlay-gradient":""},"tablet":{"background-color":"","background-image":"","background-repeat":"repeat","background-position":"center center","background-size":"auto","background-attachment":"scroll","background-type":"","background-media":"","overlay-type":"","overlay-color":"","overlay-opacity":"","overlay-gradient":""},"mobile":{"background-color":"","background-image":"","background-repeat":"repeat","background-position":"center center","background-size":"auto","background-attachment":"scroll","background-type":"","background-media":"","overlay-type":"","overlay-color":"","overlay-opacity":"","overlay-gradient":""}},"ast-content-background-meta":{"desktop":{"background-color":"var(--ast-global-color-5)","background-image":"","background-repeat":"repeat","background-position":"center center","background-size":"auto","background-attachment":"scroll","background-type":"","background-media":"","overlay-type":"","overlay-color":"","overlay-opacity":"","overlay-gradient":""},"tablet":{"background-color":"var(--ast-global-color-5)","background-image":"","background-repeat":"repeat","background-position":"center center","background-size":"auto","background-attachment":"scroll","background-type":"","background-media":"","overlay-type":"","overlay-color":"","overlay-opacity":"","overlay-gradient":""},"mobile":{"background-color":"var(--ast-global-color-5)","background-image":"","background-repeat":"repeat","background-position":"center center","background-size":"auto","background-attachment":"scroll","background-type":"","background-media":"","overlay-type":"","overlay-color":"","overlay-opacity":"","overlay-gradient":""}},"footnotes":""},"class_list":["post-3201","page","type-page","status-publish","hentry"],"uagb_featured_image_src":{"full":false,"thumbnail":false,"medium":false,"medium_large":false,"large":false,"1536x1536":false,"2048x2048":false},"uagb_author_info":{"display_name":"jucar70","author_link":"https:\/\/vpntelecomunicaciones.com\/vpn\/author\/jucar70\/"},"uagb_comment_info":0,"uagb_excerpt":"Bienvenido a VPN Ingenier\u00eda en Telecomunicaciones Somos proveedores de internet por radioenlace en Caldas y el Eje Cafetero.","_links":{"self":[{"href":"https:\/\/vpntelecomunicaciones.com\/vpn\/wp-json\/wp\/v2\/pages\/3201","targetHints":{"allow":["GET"]}}],"collection":[{"href":"https:\/\/vpntelecomunicaciones.com\/vpn\/wp-json\/wp\/v2\/pages"}],"about":[{"href":"https:\/\/vpntelecomunicaciones.com\/vpn\/wp-json\/wp\/v2\/types\/page"}],"author":[{"embeddable":true,"href":"https:\/\/vpntelecomunicaciones.com\/vpn\/wp-json\/wp\/v2\/users\/1"}],"replies":[{"embeddable":true,"href":"https:\/\/vpntelecomunicaciones.com\/vpn\/wp-json\/wp\/v2\/comments?post=3201"}],"version-history":[{"count":7,"href":"https:\/\/vpntelecomunicaciones.com\/vpn\/wp-json\/wp\/v2\/pages\/3201\/revisions"}],"predecessor-version":[{"id":3578,"href":"https:\/\/vpntelecomunicaciones.com\/vpn\/wp-json\/wp\/v2\/pages\/3201\/revisions\/3578"}],"wp:attachment":[{"href":"https:\/\/vpntelecomunicaciones.com\/vpn\/wp-json\/wp\/v2\/media?parent=3201"}],"curies":[{"name":"wp","href":"https:\/\/api.w.org\/{rel}","templated":true}]}}