{"id":1812,"date":"2025-06-02T16:24:16","date_gmt":"2025-06-02T16:24:16","guid":{"rendered":"https:\/\/vpntelecomunicaciones.com\/vpn\/services-2\/"},"modified":"2025-07-23T10:26:18","modified_gmt":"2025-07-23T10:26:18","slug":"servicios","status":"publish","type":"page","link":"https:\/\/vpntelecomunicaciones.com\/vpn\/servicios\/","title":{"rendered":"Servicios"},"content":{"rendered":"\n<div class=\"wp-block-uagb-container uagb-block-bbdd0a0b alignfull uagb-is-root-container\"><div class=\"uagb-container-inner-blocks-wrap\">\n<div class=\"wp-block-uagb-info-box uagb-block-30fa7580 uagb-infobox__content-wrap  uagb-infobox-icon-above-title uagb-infobox-image-valign-top\"><div class=\"uagb-ifb-content\"><div class=\"uagb-ifb-title-wrap\"><h6 class=\"uagb-ifb-title-prefix\">Nuestros servicios<\/h6><h1 class=\"uagb-ifb-title\"><strong>Soluciones de internet <\/strong><br><\/h1><\/div><div class=\"uagb-ifb-separator\"><\/div><p class=\"uagb-ifb-desc\">En <strong>VPN Ingenier\u00eda<\/strong> ofrecemos servicios especializados de internet por radioenlace, dise\u00f1ados para zonas urbanas, rurales, empresas y comunidades que requieren conectividad estable y soporte cercano.<br> <br>Brindamos soluciones personalizadas con altos est\u00e1ndares de calidad t\u00e9cnica y atenci\u00f3n al cliente.<\/p><\/div><\/div>\n\n\n\n<div class=\"wp-block-uagb-buttons uagb-buttons__outer-wrap uagb-btn__default-btn uagb-btn-tablet__default-btn uagb-btn-mobile__default-btn uagb-block-de0a8624\"><div class=\"uagb-buttons__wrap uagb-buttons-layout-wrap \">\n<div class=\"wp-block-uagb-buttons-child uagb-buttons__outer-wrap uagb-block-955fe6e6 wp-block-button\"><div class=\"uagb-button__wrapper\"><a class=\"uagb-buttons-repeater wp-block-button__link\" aria-label=\"\" href=\"https:\/\/vpntelecomunicaciones.com\/vpn\/formulario-de-contacto\/\" rel=\"follow noopener\" target=\"_self\" role=\"button\"><span class=\"uagb-button__icon uagb-button__icon-position-before\"><svg xmlns=\"https:\/\/www.w3.org\/2000\/svg\" viewBox=\"0 0 448 512\" aria-hidden=\"true\" focussable=\"false\"><path d=\"M160 32V64H288V32C288 14.33 302.3 0 320 0C337.7 0 352 14.33 352 32V64H400C426.5 64 448 85.49 448 112V160H0V112C0 85.49 21.49 64 48 64H96V32C96 14.33 110.3 0 128 0C145.7 0 160 14.33 160 32zM0 192H448V464C448 490.5 426.5 512 400 512H48C21.49 512 0 490.5 0 464V192zM328.1 304.1C338.3 295.6 338.3 280.4 328.1 271C319.6 261.7 304.4 261.7 295 271L200 366.1L152.1 319C143.6 309.7 128.4 309.7 119 319C109.7 328.4 109.7 343.6 119 352.1L183 416.1C192.4 426.3 207.6 426.3 216.1 416.1L328.1 304.1z\"><\/path><\/svg><\/span><div class=\"uagb-button__link\">Cont\u00e1ctenos ya!<\/div><\/a><\/div><\/div>\n<\/div><\/div>\n<\/div><\/div>\n\n\n\n<div class=\"wp-block-uagb-container uag-blocks-common-selector uagb-block-d3be2094 alignfull uagb-is-root-container\"><div class=\"uagb-container-inner-blocks-wrap\">\n<div class=\"wp-block-uagb-info-box uagb-block-0d21ee77 uagb-infobox__content-wrap  uagb-infobox-icon-above-title uagb-infobox-image-valign-top wp-block-uagb-info-box--has-margin\"><div class=\"uagb-infobox-margin-wrapper\"><div class=\"uagb-ifb-content\"><div class=\"uagb-ifb-title-wrap\"><h2 class=\"uagb-ifb-title\">Qu\u00e9 hacemos?<\/h2><\/div><div class=\"uagb-ifb-separator\"><\/div><p class=\"uagb-ifb-desc\"><strong>Soluciones confiables, r\u00e1pidas y adaptadas a tus necesidades<\/strong><\/p><\/div><\/div><\/div>\n\n\n\n<div class=\"wp-block-uagb-container uagb-layout-grid uagb-block-9db4e41b alignfull uagb-is-root-container\"><div class=\"uagb-container-inner-blocks-wrap\">\n<div class=\"wp-block-uagb-info-box uagb-block-a500eea6 uagb-infobox__content-wrap  uagb-infobox-icon-above-title uagb-infobox-image-valign-top wp-block-uagb-info-box--has-margin\"><div class=\"uagb-infobox-margin-wrapper\"><div class=\"uagb-ifb-content\"><div class=\"uagb-ifb-icon-wrap\"><svg xmlns=\"https:\/\/www.w3.org\/2000\/svg\" viewBox=\"0 0 640 512\"><path d=\"M400 32C426.5 32 448 53.49 448 80V336C448 362.5 426.5 384 400 384H266.7L277.3 416H352C369.7 416 384 430.3 384 448C384 465.7 369.7 480 352 480H96C78.33 480 64 465.7 64 448C64 430.3 78.33 416 96 416H170.7L181.3 384H48C21.49 384 0 362.5 0 336V80C0 53.49 21.49 32 48 32H400zM64 96V320H384V96H64zM592 32C618.5 32 640 53.49 640 80V432C640 458.5 618.5 480 592 480H528C501.5 480 480 458.5 480 432V80C480 53.49 501.5 32 528 32H592zM544 96C535.2 96 528 103.2 528 112C528 120.8 535.2 128 544 128H576C584.8 128 592 120.8 592 112C592 103.2 584.8 96 576 96H544zM544 192H576C584.8 192 592 184.8 592 176C592 167.2 584.8 160 576 160H544C535.2 160 528 167.2 528 176C528 184.8 535.2 192 544 192zM560 400C577.7 400 592 385.7 592 368C592 350.3 577.7 336 560 336C542.3 336 528 350.3 528 368C528 385.7 542.3 400 560 400z\"><\/path><\/svg><\/div><div class=\"uagb-ifb-title-wrap\"><h4 class=\"uagb-ifb-title\">Internet Residencial<\/h4><\/div><p class=\"uagb-ifb-desc\">Conectamos hogares en zonas donde otros operadores no llegan. Contamos con planes ajustables, instalaci\u00f3n r\u00e1pida y soporte continuo. Ideal para familias, estudiantes y teletrabajo en \u00e1reas rurales o de dif\u00edcil acceso.<br><\/p><\/div><\/div><\/div>\n\n\n\n<div class=\"wp-block-uagb-info-box uagb-block-a021b1bb uagb-infobox__content-wrap  uagb-infobox-icon-above-title uagb-infobox-image-valign-top wp-block-uagb-info-box--has-margin\"><div class=\"uagb-infobox-margin-wrapper\"><div class=\"uagb-ifb-content\"><div class=\"uagb-ifb-icon-wrap\"><svg xmlns=\"https:\/\/www.w3.org\/2000\/svg\" viewBox=\"0 0 640 512\"><path d=\"M496 224C416.4 224 352 288.4 352 368s64.38 144 144 144s144-64.38 144-144S575.6 224 496 224zM544 384h-54.25C484.4 384 480 379.6 480 374.3V304C480 295.2 487.2 288 496 288C504.8 288 512 295.2 512 304V352h32c8.838 0 16 7.162 16 16C560 376.8 552.8 384 544 384zM320.1 352H208C199.2 352 192 344.8 192 336V288H0v144C0 457.6 22.41 480 48 480h312.2C335.1 449.6 320 410.5 320 368C320 362.6 320.5 357.3 320.1 352zM496 192c5.402 0 10.72 .3301 16 .8066V144C512 118.4 489.6 96 464 96H384V48C384 22.41 361.6 0 336 0h-160C150.4 0 128 22.41 128 48V96H48C22.41 96 0 118.4 0 144V256h360.2C392.5 216.9 441.3 192 496 192zM336 96h-160V48h160V96z\"><\/path><\/svg><\/div><div class=\"uagb-ifb-title-wrap\"><h4 class=\"uagb-ifb-title\">Internet Empresarial<\/h4><\/div><p class=\"uagb-ifb-desc\">Servicio sim\u00e9trico y dedicado para negocios que necesitan alta estabilidad y velocidad constante. Incluye monitoreo, asistencia t\u00e9cnica prioritaria y opciones de configuraci\u00f3n especial para redes corporativas.<\/p><\/div><\/div><\/div>\n\n\n\n<div class=\"wp-block-uagb-info-box uagb-block-c586ee69 uagb-infobox__content-wrap  uagb-infobox-icon-above-title uagb-infobox-image-valign-top wp-block-uagb-info-box--has-margin\"><div class=\"uagb-infobox-margin-wrapper\"><div class=\"uagb-ifb-content\"><div class=\"uagb-ifb-icon-wrap\"><svg xmlns=\"https:\/\/www.w3.org\/2000\/svg\" viewBox=\"0 0 320 512\"><path d=\"M318.4 304.5c-3.531 9.344-12.47 15.52-22.45 15.52h-105l45.15 94.82c9.496 19.94 1.031 43.8-18.91 53.31c-19.95 9.504-43.82 1.035-53.32-18.91L117.3 351.3l-75 88.25c-4.641 5.469-11.37 8.453-18.28 8.453c-2.781 0-5.578-.4844-8.281-1.469C6.281 443.1 0 434.1 0 423.1V56.02c0-9.438 5.531-18.03 14.12-21.91C22.75 30.26 32.83 31.77 39.87 37.99l271.1 240C319.4 284.6 321.1 295.1 318.4 304.5z\"><\/path><\/svg><\/div><div class=\"uagb-ifb-title-wrap\"><h4 class=\"uagb-ifb-title\">Enlaces Punto a Punto (P2P)<\/h4><\/div><p class=\"uagb-ifb-desc\">Soluci\u00f3n para conectar dos o m\u00e1s sedes de una misma organizaci\u00f3n mediante un canal privado, seguro y de baja latencia. Recomendado para empresas, colegios, alcald\u00edas, fincas o instituciones con m\u00faltiples ubicaciones.<br><\/p><\/div><\/div><\/div>\n\n\n\n<div class=\"wp-block-uagb-info-box uagb-block-1826d3f2 uagb-infobox__content-wrap  uagb-infobox-icon-above-title uagb-infobox-image-valign-top wp-block-uagb-info-box--has-margin\"><div class=\"uagb-infobox-margin-wrapper\"><div class=\"uagb-ifb-content\"><div class=\"uagb-ifb-icon-wrap\"><svg xmlns=\"https:\/\/www.w3.org\/2000\/svg\" viewBox=\"0 0 640 512\"><path d=\"M319.1 351.1c-35.35 0-64 28.66-64 64.01s28.66 64.01 64 64.01c35.34 0 64-28.66 64-64.01S355.3 351.1 319.1 351.1zM320 191.1c-70.25 0-137.9 25.6-190.5 72.03C116.3 275.7 115 295.9 126.7 309.2C138.5 322.4 158.7 323.7 171.9 312C212.8 275.9 265.4 256 320 256s107.3 19.88 148.1 56C474.2 317.4 481.8 320 489.3 320c8.844 0 17.66-3.656 24-10.81C525 295.9 523.8 275.7 510.5 264C457.9 217.6 390.3 191.1 320 191.1zM630.2 156.7C546.3 76.28 436.2 32 320 32S93.69 76.28 9.844 156.7c-12.75 12.25-13.16 32.5-.9375 45.25c12.22 12.78 32.47 13.12 45.25 .9375C125.1 133.1 220.4 96 320 96s193.1 37.97 265.8 106.9C592.1 208.8 600 211.8 608 211.8c8.406 0 16.81-3.281 23.09-9.844C643.3 189.2 642.9 168.1 630.2 156.7z\"><\/path><\/svg><\/div><div class=\"uagb-ifb-title-wrap\"><h4 class=\"uagb-ifb-title\">Redes WiFi Comunitarias y Hotspots<\/h4><\/div><p class=\"uagb-ifb-desc\">Dise\u00f1amos, instalamos y gestionamos zonas WiFi para conjuntos residenciales, colegios rurales, centros comunitarios o eventos. Ampl\u00eda el acceso a internet en \u00e1reas de dif\u00edcil cobertura.<\/p><\/div><\/div><\/div>\n\n\n\n<div class=\"wp-block-uagb-info-box uagb-block-465d3065 uagb-infobox__content-wrap  uagb-infobox-icon-above-title uagb-infobox-image-valign-top wp-block-uagb-info-box--has-margin\"><div class=\"uagb-infobox-margin-wrapper\"><div class=\"uagb-ifb-content\"><div class=\"uagb-ifb-icon-wrap\"><svg xmlns=\"https:\/\/www.w3.org\/2000\/svg\" viewBox=\"0 0 512 512\"><path d=\"M502.6 182.6l-45.25-45.25C451.4 131.4 443.3 128 434.8 128H384V80C384 53.5 362.5 32 336 32h-160C149.5 32 128 53.5 128 80V128H77.25c-8.5 0-16.62 3.375-22.62 9.375L9.375 182.6C3.375 188.6 0 196.8 0 205.3V304h128v-32C128 263.1 135.1 256 144 256h32C184.9 256 192 263.1 192 272v32h128v-32C320 263.1 327.1 256 336 256h32C376.9 256 384 263.1 384 272v32h128V205.3C512 196.8 508.6 188.6 502.6 182.6zM336 128h-160V80h160V128zM384 368c0 8.875-7.125 16-16 16h-32c-8.875 0-16-7.125-16-16v-32H192v32C192 376.9 184.9 384 176 384h-32C135.1 384 128 376.9 128 368v-32H0V448c0 17.62 14.38 32 32 32h448c17.62 0 32-14.38 32-32v-112h-128V368z\"><\/path><\/svg><\/div><div class=\"uagb-ifb-title-wrap\"><h4 class=\"uagb-ifb-title\">\ud83d\udee0\ufe0f Soporte T\u00e9cnico y Mantenimiento<\/h4><\/div><p class=\"uagb-ifb-desc\">Brindamos soporte remoto y presencial para instalaciones, configuraciones, diagn\u00f3sticos y mantenimiento preventivo de los equipos. Nuestro equipo t\u00e9cnico est\u00e1 capacitado para responder de forma \u00e1gil y efectiva.<\/p><\/div><\/div><\/div>\n\n\n\n<div class=\"wp-block-uagb-info-box uagb-block-0dddcf74 uagb-infobox__content-wrap  uagb-infobox-icon-above-title uagb-infobox-image-valign-top wp-block-uagb-info-box--has-margin\"><div class=\"uagb-infobox-margin-wrapper\"><div class=\"uagb-ifb-content\"><div class=\"uagb-ifb-image-content\"><img loading=\"lazy\" decoding=\"async\" src=\"https:\/\/vpntelecomunicaciones.com\/vpn\/wp-content\/uploads\/2021\/03\/tyre.svg\" alt=\"\" width=\"26\" height=\"26\" loading=\"lazy\"\/><\/div><div class=\"uagb-ifb-title-wrap\"><h4 class=\"uagb-ifb-title\">Servicios complementarios<\/h4><\/div><p class=\"uagb-ifb-desc\">* Venta e instalaci\u00f3n de equipos (antenas, routers, radios Ubiquiti y Mikrotik).<br>* Asesor\u00eda en conectividad para proyectos institucionales o comunitarios.<br>* Soluciones para peque\u00f1os operadores ISP en zonas rurales.<\/p><\/div><\/div><\/div>\n<\/div><\/div>\n<\/div><\/div>\n\n\n\n<div class=\"wp-block-uagb-container uagb-block-e13a20a5 alignfull uagb-is-root-container\"><div class=\"uagb-container-inner-blocks-wrap\">\n<div class=\"wp-block-uagb-info-box uagb-block-86c15f17 uagb-infobox__content-wrap  uagb-infobox-icon-above-title uagb-infobox-image-valign-top\"><div class=\"uagb-ifb-content\"><div class=\"uagb-ifb-title-wrap\"><h2 class=\"uagb-ifb-title\">\u00bfNecesitas conectividad confiable?<\/h2><\/div><div class=\"uagb-ifb-separator\"><\/div><p class=\"uagb-ifb-desc\">Contamos con soluciones personalizadas para hogares, negocios y comunidades.<\/p><\/div><\/div>\n\n\n\n<div class=\"wp-block-uagb-buttons uagb-buttons__outer-wrap uagb-btn__default-btn uagb-btn-tablet__default-btn uagb-btn-mobile__default-btn uagb-block-99389837\"><div class=\"uagb-buttons__wrap uagb-buttons-layout-wrap \">\n<div class=\"wp-block-uagb-buttons-child uagb-buttons__outer-wrap uagb-block-bb6aa06a wp-block-button\"><div class=\"uagb-button__wrapper\"><a class=\"uagb-buttons-repeater wp-block-button__link\" aria-label=\"\" href=\"https:\/\/vpntelecomunicaciones.com\/vpn\/formulario-de-contacto\/\" rel=\"follow noopener\" target=\"_self\" role=\"button\"><div class=\"uagb-button__link\">cont\u00e1ctenos ahora!<\/div><\/a><\/div><\/div>\n<\/div><\/div>\n<\/div><\/div>\n\n\n\n<div class=\"wp-block-uagb-container uagb-block-78d43f1c alignfull uagb-is-root-container\"><div class=\"uagb-container-inner-blocks-wrap\">\n<div class=\"wp-block-uagb-info-box uagb-block-606be277 uagb-infobox__content-wrap  uagb-infobox-icon-above-title uagb-infobox-image-valign-top wp-block-uagb-info-box--has-margin\"><div class=\"uagb-infobox-margin-wrapper\"><div class=\"uagb-ifb-content\"><div class=\"uagb-ifb-title-wrap\"><h2 class=\"uagb-ifb-title\">Nuestros planes<\/h2><\/div><div class=\"uagb-ifb-separator\"><\/div><p class=\"uagb-ifb-desc\">Estos son nuestros planes<\/p><\/div><\/div><\/div>\n\n\n\n<div class=\"wp-block-uagb-container uagb-block-8e15be64 alignfull uagb-is-root-container\"><div class=\"uagb-container-inner-blocks-wrap\">\n<div class=\"wp-block-group is-nowrap is-layout-flex wp-container-core-group-is-layout-6c531013 wp-block-group-is-layout-flex\">\n<div class=\"wp-block-uagb-container uagb-block-09449e47\">\n<figure class=\"wp-block-image size-full\"><img fetchpriority=\"high\" decoding=\"async\" width=\"544\" height=\"442\" src=\"https:\/\/vpntelecomunicaciones.com\/vpn\/wp-content\/uploads\/2025\/07\/WhatsApp-Image-2025-07-12-at-3.57.34-PM.jpeg\" alt=\"\" class=\"wp-image-3600\" srcset=\"https:\/\/vpntelecomunicaciones.com\/vpn\/wp-content\/uploads\/2025\/07\/WhatsApp-Image-2025-07-12-at-3.57.34-PM.jpeg 544w, https:\/\/vpntelecomunicaciones.com\/vpn\/wp-content\/uploads\/2025\/07\/WhatsApp-Image-2025-07-12-at-3.57.34-PM-300x244.jpeg 300w\" sizes=\"(max-width: 544px) 100vw, 544px\" \/><\/figure>\n<\/div>\n\n\n\n<div class=\"wp-block-uagb-container uagb-block-6c2b15cb\">\n<div class=\"wp-block-uagb-testimonial uagb-slick-carousel uagb-tm__arrow-outside uagb-block-a8ccab73 uagb-post__carousel_notset uagb-post__carousel_notset-tablet uagb-post__carousel_notset-mobile\"><div class=\"is-carousel uagb-tm__columns-1 uagb-tm__items\"><div class=\"uagb-testimonial__wrap  uagb-tm__imgicon-style-circle uagb-tm__image-position-bottom uagb-tm__bg-type-none \"><div class=\"uagb-tm__content\"><div class=\"uagb-tm__overlay\"><\/div><div class=\"uagb-tm__text-wrap\"><div class=\"uagb-tm__desc\">Pregunte por planes empresariales,  internet a la medida, internet dedicado y proyectos especiales.<\/div><div class=\"uagb-tm__meta-inner\"><div class=\"uagb-tm__image-content\"><div class=\"uagb-tm__image\"><img loading=\"lazy\" decoding=\"async\" class=\"uagb-tm-img-src\" src=\"https:\/\/vpntelecomunicaciones.com\/vpn\/wp-content\/uploads\/2025\/06\/Ingenieria-150x150.png\" alt=\"\" width=\"40\" height=\"40\" loading=\"lazy\"\/><\/div><\/div><div class=\"uagb-testimonial-details\"><span class=\"uagb-tm__author-name\">Internet para negocios<\/span><span class=\"uagb-tm__company\">\u200b<\/span><\/div><\/div><\/div><\/div><\/div><\/div><\/div>\n\n\n\n<div class=\"wp-block-columns is-layout-flex wp-container-core-columns-is-layout-28f84493 wp-block-columns-is-layout-flex\">\n<div class=\"wp-block-column is-vertically-aligned-top is-layout-flow wp-block-column-is-layout-flow\" style=\"flex-basis:100%\"><\/div>\n<\/div>\n<\/div>\n<\/div>\n<\/div><\/div>\n<\/div><\/div>\n\n\n\n<div class=\"wp-block-uagb-container uagb-block-9e6eb056 alignfull uagb-is-root-container\"><div class=\"uagb-container-inner-blocks-wrap\">\n<div class=\"wp-block-uagb-info-box uagb-block-f4ec72d3 uagb-infobox__content-wrap  uagb-infobox-icon-above-title uagb-infobox-image-valign-top\"><div class=\"uagb-ifb-content\"><div class=\"uagb-ifb-title-wrap\"><h6 class=\"uagb-ifb-title-prefix\">Cont\u00e1ctenos 24\/7<\/h6><h2 class=\"uagb-ifb-title\">320 230 29 29 &#8211; 312 258 8755<\/h2><\/div><div class=\"uagb-ifb-separator\"><\/div><\/div><\/div>\n\n\n\n<div class=\"wp-block-uagb-advanced-heading uagb-block-320b4215\"><h6 class=\"uagb-heading-text\">cu\u00e9ntenos su necesidad<br><a href=\"https:\/\/vpntelecomunicaciones.com\/vpn\/#\"><\/a><\/h6><\/div>\n\n\n\n<div class=\"wp-block-uagb-buttons uagb-buttons__outer-wrap uagb-btn__default-btn uagb-btn-tablet__default-btn uagb-btn-mobile__default-btn uagb-block-95db8ceb\"><div class=\"uagb-buttons__wrap uagb-buttons-layout-wrap \">\n<div class=\"wp-block-uagb-buttons-child uagb-buttons__outer-wrap uagb-block-65fab600 wp-block-button\"><div class=\"uagb-button__wrapper\"><a class=\"uagb-buttons-repeater wp-block-button__link\" aria-label=\"\" href=\"https:\/\/vpntelecomunicaciones.com\/vpn\/formulario-de-contacto\/\" rel=\"follow noopener\" target=\"_self\" role=\"button\"><div class=\"uagb-button__link\">escr\u00edbanos<\/div><\/a><\/div><\/div>\n<\/div><\/div>\n<\/div><\/div>\n\n\n\n<p><\/p>\n","protected":false},"excerpt":{"rendered":"<p>cu\u00e9ntenos su necesidad<\/p>\n","protected":false},"author":1,"featured_media":0,"parent":0,"menu_order":0,"comment_status":"closed","ping_status":"closed","template":"","meta":{"_surecart_dashboard_logo_width":"180px","_surecart_dashboard_show_logo":true,"_surecart_dashboard_navigation_orders":true,"_surecart_dashboard_navigation_invoices":true,"_surecart_dashboard_navigation_subscriptions":true,"_surecart_dashboard_navigation_downloads":true,"_surecart_dashboard_navigation_billing":true,"_surecart_dashboard_navigation_account":true,"_uag_custom_page_level_css":"","site-sidebar-layout":"default","site-content-layout":"page-builder","ast-site-content-layout":"full-width-container","site-content-style":"unboxed","site-sidebar-style":"unboxed","ast-global-header-display":"","ast-banner-title-visibility":"","ast-main-header-display":"","ast-hfb-above-header-display":"","ast-hfb-below-header-display":"","ast-hfb-mobile-header-display":"","site-post-title":"disabled","ast-breadcrumbs-content":"","ast-featured-img":"","footer-sml-layout":"","theme-transparent-header-meta":"enabled","adv-header-id-meta":"","stick-header-meta":"","header-above-stick-meta":"","header-main-stick-meta":"","header-below-stick-meta":"","astra-migrate-meta-layouts":"set","ast-page-background-enabled":"default","ast-page-background-meta":{"desktop":{"background-color":"","background-image":"","background-repeat":"repeat","background-position":"center center","background-size":"auto","background-attachment":"scroll","background-type":"","background-media":"","overlay-type":"","overlay-color":"","overlay-opacity":"","overlay-gradient":""},"tablet":{"background-color":"","background-image":"","background-repeat":"repeat","background-position":"center center","background-size":"auto","background-attachment":"scroll","background-type":"","background-media":"","overlay-type":"","overlay-color":"","overlay-opacity":"","overlay-gradient":""},"mobile":{"background-color":"","background-image":"","background-repeat":"repeat","background-position":"center center","background-size":"auto","background-attachment":"scroll","background-type":"","background-media":"","overlay-type":"","overlay-color":"","overlay-opacity":"","overlay-gradient":""}},"ast-content-background-meta":{"desktop":{"background-color":"var(--ast-global-color-5)","background-image":"","background-repeat":"repeat","background-position":"center center","background-size":"auto","background-attachment":"scroll","background-type":"","background-media":"","overlay-type":"","overlay-color":"","overlay-opacity":"","overlay-gradient":""},"tablet":{"background-color":"var(--ast-global-color-5)","background-image":"","background-repeat":"repeat","background-position":"center center","background-size":"auto","background-attachment":"scroll","background-type":"","background-media":"","overlay-type":"","overlay-color":"","overlay-opacity":"","overlay-gradient":""},"mobile":{"background-color":"var(--ast-global-color-5)","background-image":"","background-repeat":"repeat","background-position":"center center","background-size":"auto","background-attachment":"scroll","background-type":"","background-media":"","overlay-type":"","overlay-color":"","overlay-opacity":"","overlay-gradient":""}},"footnotes":""},"class_list":["post-1812","page","type-page","status-publish","hentry"],"uagb_featured_image_src":{"full":false,"thumbnail":false,"medium":false,"medium_large":false,"large":false,"1536x1536":false,"2048x2048":false},"uagb_author_info":{"display_name":"jucar70","author_link":"https:\/\/vpntelecomunicaciones.com\/vpn\/author\/jucar70\/"},"uagb_comment_info":0,"uagb_excerpt":"cu\u00e9ntenos su necesidad","_links":{"self":[{"href":"https:\/\/vpntelecomunicaciones.com\/vpn\/wp-json\/wp\/v2\/pages\/1812","targetHints":{"allow":["GET"]}}],"collection":[{"href":"https:\/\/vpntelecomunicaciones.com\/vpn\/wp-json\/wp\/v2\/pages"}],"about":[{"href":"https:\/\/vpntelecomunicaciones.com\/vpn\/wp-json\/wp\/v2\/types\/page"}],"author":[{"embeddable":true,"href":"https:\/\/vpntelecomunicaciones.com\/vpn\/wp-json\/wp\/v2\/users\/1"}],"replies":[{"embeddable":true,"href":"https:\/\/vpntelecomunicaciones.com\/vpn\/wp-json\/wp\/v2\/comments?post=1812"}],"version-history":[{"count":8,"href":"https:\/\/vpntelecomunicaciones.com\/vpn\/wp-json\/wp\/v2\/pages\/1812\/revisions"}],"predecessor-version":[{"id":3601,"href":"https:\/\/vpntelecomunicaciones.com\/vpn\/wp-json\/wp\/v2\/pages\/1812\/revisions\/3601"}],"wp:attachment":[{"href":"https:\/\/vpntelecomunicaciones.com\/vpn\/wp-json\/wp\/v2\/media?parent=1812"}],"curies":[{"name":"wp","href":"https:\/\/api.w.org\/{rel}","templated":true}]}}