{"id":1811,"date":"2025-06-02T16:24:16","date_gmt":"2025-06-02T16:24:16","guid":{"rendered":"https:\/\/vpntelecomunicaciones.com\/vpn\/about-2\/"},"modified":"2025-06-14T22:33:15","modified_gmt":"2025-06-14T22:33:15","slug":"acerca-de-vpn-ingenieria","status":"publish","type":"page","link":"https:\/\/vpntelecomunicaciones.com\/vpn\/acerca-de-vpn-ingenieria\/","title":{"rendered":"Acerca de VPN Ingenier\u00eda"},"content":{"rendered":"\n<div class=\"wp-block-uagb-container uag-blocks-common-selector uagb-block-92205b50 alignfull uagb-is-root-container\"><div class=\"uagb-container-inner-blocks-wrap\">\n<div class=\"wp-block-uagb-info-box uagb-block-25ee4bec uagb-infobox__content-wrap  uagb-infobox-icon-above-title uagb-infobox-image-valign-top wp-block-uagb-info-box--has-margin\"><div class=\"uagb-infobox-margin-wrapper\"><div class=\"uagb-ifb-content\"><div class=\"uagb-ifb-title-wrap\"><h6 class=\"uagb-ifb-title-prefix\">Nosotros<\/h6><h1 class=\"uagb-ifb-title\"><strong>En VPN Ingenier\u00eda conectamos lo que otros no alcanzan.<\/strong><\/h1><\/div><div class=\"uagb-ifb-separator\"><\/div><p class=\"uagb-ifb-desc\">Somos una empresa colombiana especializada en la prestaci\u00f3n de <strong>servicios de internet por radioenlace<\/strong>, llevando conectividad r\u00e1pida y confiable a zonas urbanas, rurales y de dif\u00edcil acceso donde las redes tradicionales no llegan.<br><br>Con a\u00f1os de experiencia en el sector y un equipo t\u00e9cnico calificado, dise\u00f1amos soluciones a la medida de hogares, negocios, instituciones y comunidades. Nuestra infraestructura propia de torres y antenas nos permite brindar un servicio <strong>estable, seguro y escalable<\/strong>, con velocidades que se adaptan a las necesidades de cada usuario.<br><br><\/p><\/div><\/div><\/div>\n<\/div><\/div>\n\n\n\n<div class=\"wp-block-uagb-container uag-blocks-common-selector uagb-block-763d6580 alignfull uagb-is-root-container\"><div class=\"uagb-container-inner-blocks-wrap\">\n<div class=\"wp-block-uagb-container uagb-block-9d7565db\">\n<div class=\"wp-block-uagb-info-box uagb-block-407f98a8 uagb-infobox__content-wrap  uagb-infobox-icon-above-title uagb-infobox-image-valign-top\"><div class=\"uagb-ifb-content\"><div class=\"uagb-ifb-icon-wrap\"><div class=\"uagb-iconbox-icon-wrap uagb-infobox-shape-circle\"><svg xmlns=\"https:\/\/www.w3.org\/2000\/svg\" viewBox=\"0 0 512 512\"><path d=\"M18.92 351.2l108.5-46.52c12.78-5.531 27.77-1.801 36.45 8.98l44.09 53.82c69.25-34 125.5-90.31 159.5-159.5l-53.81-44.04c-10.75-8.781-14.41-23.69-8.974-36.47l46.51-108.5c6.094-13.91 21.1-21.52 35.79-18.11l100.8 23.25c14.25 3.25 24.22 15.8 24.22 30.46c0 252.3-205.2 457.5-457.5 457.5c-14.67 0-27.18-9.968-30.45-24.22l-23.25-100.8C-2.571 372.4 5.018 357.2 18.92 351.2z\"><\/path><\/svg><\/div><\/div><div class=\"uagb-ifb-title-wrap\"><h5 class=\"uagb-ifb-title\">Solicita servicio<\/h5><\/div><p class=\"uagb-ifb-desc\">No solo conectamos dispositivos,&nbsp;<strong>conectamos personas, oportunidades y desarrollo.<\/strong><\/p><div class=\"uagb-ifb-button-wrapper wp-block-button\"><a href=\"#\" target=\"_self\" onclick=\"return false;\" class=\"uagb-infobox-cta-link\" rel=\"noopener noreferrer\"><svg xmlns=\"https:\/\/www.w3.org\/2000\/svg\" viewBox=\"0 0 448 512\"><path d=\"M160 32V64H288V32C288 14.33 302.3 0 320 0C337.7 0 352 14.33 352 32V64H400C426.5 64 448 85.49 448 112V160H0V112C0 85.49 21.49 64 48 64H96V32C96 14.33 110.3 0 128 0C145.7 0 160 14.33 160 32zM0 192H448V464C448 490.5 426.5 512 400 512H48C21.49 512 0 490.5 0 464V192zM328.1 304.1C338.3 295.6 338.3 280.4 328.1 271C319.6 261.7 304.4 261.7 295 271L200 366.1L152.1 319C143.6 309.7 128.4 309.7 119 319C109.7 328.4 109.7 343.6 119 352.1L183 416.1C192.4 426.3 207.6 426.3 216.1 416.1L328.1 304.1z\"><\/path><\/svg><span class=\"uagb-inline-editing\">cont\u00e1ctenos, pregunte por un plan<\/span><\/a><\/div><\/div><\/div>\n<\/div>\n\n\n\n<div class=\"wp-block-uagb-container uagb-block-8b9a29d9\">\n<div class=\"wp-block-uagb-info-box uagb-block-ecd82ed8 uagb-infobox__content-wrap  uagb-infobox-icon-above-title uagb-infobox-image-valign-top\"><div class=\"uagb-ifb-content\"><div class=\"uagb-ifb-icon-wrap\"><div class=\"uagb-iconbox-icon-wrap uagb-infobox-shape-circle\"><svg xmlns=\"https:\/\/www.w3.org\/2000\/svg\" viewBox=\"0 0 512 512\"><path d=\"M320 336c0 8.844-7.156 16-16 16h-96C199.2 352 192 344.8 192 336V288H0v144C0 457.6 22.41 480 48 480h416c25.59 0 48-22.41 48-48V288h-192V336zM464 96H384V48C384 22.41 361.6 0 336 0h-160C150.4 0 128 22.41 128 48V96H48C22.41 96 0 118.4 0 144V256h512V144C512 118.4 489.6 96 464 96zM336 96h-160V48h160V96z\"><\/path><\/svg><\/div><\/div><div class=\"uagb-ifb-title-wrap\"><h5 class=\"uagb-ifb-title\">As\u00ed trabajamos<\/h5><\/div><\/div><\/div>\n\n\n\n<div class=\"wp-block-uagb-icon-list uagb-block-1e54ce3c\"><div class=\"uagb-icon-list__wrap\">\n<div class=\"wp-block-uagb-icon-list-child uagb-block-12afd6ee\"><span class=\"uagb-icon-list__source-wrap\"><svg xmlns=\"https:\/\/www.w3.org\/2000\/svg\" viewBox=\"0 0 448 512\"><path d=\"M438.6 105.4C451.1 117.9 451.1 138.1 438.6 150.6L182.6 406.6C170.1 419.1 149.9 419.1 137.4 406.6L9.372 278.6C-3.124 266.1-3.124 245.9 9.372 233.4C21.87 220.9 42.13 220.9 54.63 233.4L159.1 338.7L393.4 105.4C405.9 92.88 426.1 92.88 438.6 105.4H438.6z\"><\/path><\/svg><\/span><span class=\"uagb-icon-list__label\">Lunes a viernes: 08:00 \u2013 18:00<\/span><\/div>\n\n\n\n<div class=\"wp-block-uagb-icon-list-child uagb-block-d79cf74e\"><span class=\"uagb-icon-list__source-wrap\"><svg xmlns=\"https:\/\/www.w3.org\/2000\/svg\" viewBox=\"0 0 448 512\"><path d=\"M438.6 105.4C451.1 117.9 451.1 138.1 438.6 150.6L182.6 406.6C170.1 419.1 149.9 419.1 137.4 406.6L9.372 278.6C-3.124 266.1-3.124 245.9 9.372 233.4C21.87 220.9 42.13 220.9 54.63 233.4L159.1 338.7L393.4 105.4C405.9 92.88 426.1 92.88 438.6 105.4H438.6z\"><\/path><\/svg><\/span><span class=\"uagb-icon-list__label\">S\u00e1bados: 08:00 \u2013 13:00<\/span><\/div>\n\n\n\n<div class=\"wp-block-uagb-icon-list-child uagb-block-bf12d5fd\"><span class=\"uagb-icon-list__source-wrap\"><svg xmlns=\"https:\/\/www.w3.org\/2000\/svg\" viewBox=\"0 0 448 512\"><path d=\"M438.6 105.4C451.1 117.9 451.1 138.1 438.6 150.6L182.6 406.6C170.1 419.1 149.9 419.1 137.4 406.6L9.372 278.6C-3.124 266.1-3.124 245.9 9.372 233.4C21.87 220.9 42.13 220.9 54.63 233.4L159.1 338.7L393.4 105.4C405.9 92.88 426.1 92.88 438.6 105.4H438.6z\"><\/path><\/svg><\/span><span class=\"uagb-icon-list__label\">Soporte t\u00e9cnico: 24\/7<\/span><\/div>\n<\/div><\/div>\n<\/div>\n\n\n\n<div class=\"wp-block-uagb-container uagb-block-b5be527e\">\n<div class=\"wp-block-uagb-info-box uagb-block-b8806c99 uagb-infobox__content-wrap  uagb-infobox-icon-above-title uagb-infobox-image-valign-top\"><div class=\"uagb-ifb-content\"><div class=\"uagb-ifb-icon-wrap\"><div class=\"uagb-iconbox-icon-wrap uagb-infobox-shape-circle\"><svg xmlns=\"https:\/\/www.w3.org\/2000\/svg\" viewBox=\"0 0 448 512\"><path d=\"M224 256c70.7 0 128-57.31 128-128s-57.3-128-128-128C153.3 0 96 57.31 96 128S153.3 256 224 256zM274.7 304H173.3C77.61 304 0 381.6 0 477.3c0 19.14 15.52 34.67 34.66 34.67h378.7C432.5 512 448 496.5 448 477.3C448 381.6 370.4 304 274.7 304z\"><\/path><\/svg><\/div><\/div><div class=\"uagb-ifb-title-wrap\"><h5 class=\"uagb-ifb-title\">Contacto<\/h5><\/div><p class=\"uagb-ifb-desc\">320 230 2929 \u2013 312 258 8755<\/p><div class=\"uagb-ifb-button-wrapper wp-block-button\"><a href=\"#\" target=\"_self\" onclick=\"return false;\" class=\"uagb-infobox-cta-link\" rel=\"noopener noreferrer\"><svg xmlns=\"https:\/\/www.w3.org\/2000\/svg\" viewBox=\"0 0 512 512\"><path d=\"M511.2 387l-23.25 100.8c-3.266 14.25-15.79 24.22-30.46 24.22C205.2 512 0 306.8 0 54.5c0-14.66 9.969-27.2 24.22-30.45l100.8-23.25C139.7-2.602 154.7 5.018 160.8 18.92l46.52 108.5c5.438 12.78 1.77 27.67-8.98 36.45L144.5 207.1c33.98 69.22 90.26 125.5 159.5 159.5l44.08-53.8c8.688-10.78 23.69-14.51 36.47-8.975l108.5 46.51C506.1 357.2 514.6 372.4 511.2 387z\"><\/path><\/svg><span class=\"uagb-inline-editing\">Contacte ahora<\/span><\/a><\/div><\/div><\/div>\n<\/div>\n<\/div><\/div>\n\n\n\n<div class=\"wp-block-uagb-container uag-blocks-common-selector uagb-block-d3be2094 alignfull uagb-is-root-container\"><div class=\"uagb-container-inner-blocks-wrap\">\n<div class=\"wp-block-columns is-layout-flex wp-container-core-columns-is-layout-28f84493 wp-block-columns-is-layout-flex\">\n<div class=\"wp-block-column is-layout-flow wp-block-column-is-layout-flow\" style=\"flex-basis:100%\">\n<div class=\"wp-block-uagb-info-box uagb-block-0d21ee77 uagb-infobox__content-wrap  uagb-infobox-icon-above-title uagb-infobox-image-valign-top wp-block-uagb-info-box--has-margin\"><div class=\"uagb-infobox-margin-wrapper\"><div class=\"uagb-ifb-content\"><div class=\"uagb-ifb-title-wrap\"><h2 class=\"uagb-ifb-title\">Por qu\u00e9 escogernos<\/h2><\/div><div class=\"uagb-ifb-separator\"><\/div><p class=\"uagb-ifb-desc\">En VPN Ingenier\u00eda trabajamos cada d\u00eda para ser la mejor elecci\u00f3n. Nos enfocamos en brindar un servicio confiable, r\u00e1pido y a la medida de sus necesidades.<br><br>Nuestros clientes nos eligen por la atenci\u00f3n cercana, la respuesta oportuna y la calidad de nuestra tecnolog\u00eda.<br><br>Nuestro conocimiento garantiza soluciones eficientes, seguras y adaptadas a cada entorno.<\/p><\/div><\/div><\/div>\n<\/div>\n<\/div>\n\n\n\n<div class=\"wp-block-uagb-container uagb-layout-grid uagb-block-9db4e41b alignfull uagb-is-root-container\"><div class=\"uagb-container-inner-blocks-wrap\">\n<div class=\"wp-block-uagb-info-box uagb-block-a500eea6 uagb-infobox__content-wrap  uagb-infobox-icon-above-title uagb-infobox-image-valign-top wp-block-uagb-info-box--has-margin\"><div class=\"uagb-infobox-margin-wrapper\"><div class=\"uagb-ifb-content\"><div class=\"uagb-ifb-icon-wrap\"><svg xmlns=\"https:\/\/www.w3.org\/2000\/svg\" viewBox=\"0 0 640 512\"><path d=\"M360 72C360 94.09 342.1 112 320 112C297.9 112 280 94.09 280 72C280 49.91 297.9 32 320 32C342.1 32 360 49.91 360 72zM104 168C104 145.9 121.9 128 144 128C166.1 128 184 145.9 184 168C184 190.1 166.1 208 144 208C121.9 208 104 190.1 104 168zM608 416C625.7 416 640 430.3 640 448C640 465.7 625.7 480 608 480H32C14.33 480 0 465.7 0 448C0 430.3 14.33 416 32 416H608zM456 168C456 145.9 473.9 128 496 128C518.1 128 536 145.9 536 168C536 190.1 518.1 208 496 208C473.9 208 456 190.1 456 168zM200 352C200 369.7 185.7 384 168 384H120C102.3 384 88 369.7 88 352V313.5L61.13 363.4C54.85 375 40.29 379.4 28.62 373.1C16.95 366.8 12.58 352.3 18.87 340.6L56.75 270.3C72.09 241.8 101.9 224 134.2 224H153.8C170.1 224 185.7 228.5 199.2 236.6L232.7 174.3C248.1 145.8 277.9 128 310.2 128H329.8C362.1 128 391.9 145.8 407.3 174.3L440.8 236.6C454.3 228.5 469.9 224 486.2 224H505.8C538.1 224 567.9 241.8 583.3 270.3L621.1 340.6C627.4 352.3 623 366.8 611.4 373.1C599.7 379.4 585.2 375 578.9 363.4L552 313.5V352C552 369.7 537.7 384 520 384H472C454.3 384 440 369.7 440 352V313.5L413.1 363.4C406.8 375 392.3 379.4 380.6 373.1C368.1 366.8 364.6 352.3 370.9 340.6L407.2 273.1C405.5 271.5 404 269.6 402.9 267.4L376 217.5V272C376 289.7 361.7 304 344 304H295.1C278.3 304 263.1 289.7 263.1 272V217.5L237.1 267.4C235.1 269.6 234.5 271.5 232.8 273.1L269.1 340.6C275.4 352.3 271 366.8 259.4 373.1C247.7 379.4 233.2 375 226.9 363.4L199.1 313.5L200 352z\"><\/path><\/svg><\/div><div class=\"uagb-ifb-title-wrap\"><h5 class=\"uagb-ifb-title\">Ingenieros expertos<br><\/h5><\/div><p class=\"uagb-ifb-desc\">Equipo t\u00e9cnico altamente capacitado, con experiencia en instalaci\u00f3n, configuraci\u00f3n y mantenimiento de redes inal\u00e1mbricas.<br><br><\/p><\/div><\/div><\/div>\n\n\n\n<div class=\"wp-block-uagb-info-box uagb-block-a021b1bb uagb-infobox__content-wrap  uagb-infobox-icon-above-title uagb-infobox-image-valign-top wp-block-uagb-info-box--has-margin\"><div class=\"uagb-infobox-margin-wrapper\"><div class=\"uagb-ifb-content\"><div class=\"uagb-ifb-icon-wrap\"><svg xmlns=\"https:\/\/www.w3.org\/2000\/svg\" viewBox=\"0 0 496 512\"><path d=\"M323 262.1l-.1-13s21.7-19.8 21.1-21.2l-9.5-20c-.6-1.4-29.5-.5-29.5-.5l-9.4-9.3s.2-28.5-1.2-29.1l-20.1-9.2c-1.4-.6-20.7 21-20.7 21l-13.1-.2s-20.5-21.4-21.9-20.8l-20 8.3c-1.4 .5 .2 28.9 .2 28.9l-9.1 9.1s-29.2-.9-29.7 .4l-8.1 19.8c-.6 1.4 21 21 21 21l.1 12.9s-21.7 19.8-21.1 21.2l9.5 20c.6 1.4 29.5 .5 29.5 .5l9.4 9.3s-.2 31.8 1.2 32.3l20.1 8.3c1.4 .6 20.7-23.5 20.7-23.5l13.1 .2s20.5 23.8 21.8 23.3l20-7.5c1.4-.6-.2-32.1-.2-32.1l9.1-9.1s29.2 .9 29.7-.5l8.1-19.8c.7-1.1-20.9-20.7-20.9-20.7zm-44.9-8.7c.7 17.1-12.8 31.6-30.1 32.4-17.3 .8-32.1-12.5-32.8-29.6-.7-17.1 12.8-31.6 30.1-32.3 17.3-.8 32.1 12.5 32.8 29.5zm201.2-37.9l-97-97-.1 .1c-75.1-73.3-195.4-72.8-269.8 1.6-50.9 51-27.8 27.9-95.7 95.3-22.3 22.3-22.3 58.7 0 81 69.9 69.4 46.4 46 97.4 97l.1-.1c75.1 73.3 195.4 72.9 269.8-1.6 51-50.9 27.9-27.9 95.3-95.3 22.3-22.3 22.3-58.7 0-81zM140.4 363.8c-59.6-59.5-59.6-156 0-215.5 59.5-59.6 156-59.5 215.6 0 59.5 59.5 59.6 156 0 215.6-59.6 59.5-156 59.4-215.6-.1z\"><\/path><\/svg><\/div><div class=\"uagb-ifb-title-wrap\"><h5 class=\"uagb-ifb-title\"><strong>Experiencia y habilidades<\/strong><br><\/h5><\/div><p class=\"uagb-ifb-desc\">Nuestro equipo re\u00fane a\u00f1os de pr\u00e1ctica y conocimientos especializados en redes de telecomunicaciones.<\/p><\/div><\/div><\/div>\n\n\n\n<div class=\"wp-block-uagb-info-box uagb-block-c586ee69 uagb-infobox__content-wrap  uagb-infobox-icon-above-title uagb-infobox-image-valign-top wp-block-uagb-info-box--has-margin\"><div class=\"uagb-infobox-margin-wrapper\"><div class=\"uagb-ifb-content\"><div class=\"uagb-ifb-icon-wrap\"><svg xmlns=\"https:\/\/www.w3.org\/2000\/svg\" viewBox=\"0 0 640 512\"><path d=\"M623.5 164C638.1 172.6 644.6 192.1 635.1 207.5C627.4 222.1 607.9 228.6 592.5 219.1L319.1 68.61L47.54 219.1C32.09 228.6 12.61 222.1 4.025 207.5C-4.558 192.1 1.008 172.6 16.46 164L304.5 4.027C314.1-1.342 325.9-1.342 335.5 4.027L623.5 164zM279.1 200C279.1 177.9 297.9 160 319.1 160C342.1 160 359.1 177.9 359.1 200C359.1 222.1 342.1 240 319.1 240C297.9 240 279.1 222.1 279.1 200zM103.1 296C103.1 273.9 121.9 256 143.1 256C166.1 256 183.1 273.9 183.1 296C183.1 318.1 166.1 336 143.1 336C121.9 336 103.1 318.1 103.1 296V296zM535.1 296C535.1 318.1 518.1 336 495.1 336C473.9 336 455.1 318.1 455.1 296C455.1 273.9 473.9 256 495.1 256C518.1 256 535.1 273.9 535.1 296zM226.9 491.4L199.1 441.5V480C199.1 497.7 185.7 512 167.1 512H119.1C102.3 512 87.1 497.7 87.1 480V441.5L61.13 491.4C54.84 503 40.29 507.4 28.62 501.1C16.95 494.8 12.58 480.3 18.87 468.6L56.74 398.3C72.09 369.8 101.9 352 134.2 352H153.8C170.1 352 185.7 356.5 199.2 364.6L232.7 302.3C248.1 273.8 277.9 255.1 310.2 255.1H329.8C362.1 255.1 391.9 273.8 407.3 302.3L440.8 364.6C454.3 356.5 469.9 352 486.2 352H505.8C538.1 352 567.9 369.8 583.3 398.3L621.1 468.6C627.4 480.3 623 494.8 611.4 501.1C599.7 507.4 585.2 503 578.9 491.4L551.1 441.5V480C551.1 497.7 537.7 512 519.1 512H471.1C454.3 512 439.1 497.7 439.1 480V441.5L413.1 491.4C406.8 503 392.3 507.4 380.6 501.1C368.1 494.8 364.6 480.3 370.9 468.6L407.2 401.1C405.5 399.5 404 397.6 402.9 395.4L375.1 345.5V400C375.1 417.7 361.7 432 343.1 432H295.1C278.3 432 263.1 417.7 263.1 400V345.5L237.1 395.4C235.1 397.6 234.5 399.5 232.8 401.1L269.1 468.6C275.4 480.3 271 494.8 259.4 501.1C247.7 507.4 233.2 503 226.9 491.4H226.9z\"><\/path><\/svg><\/div><div class=\"uagb-ifb-title-wrap\"><h5 class=\"uagb-ifb-title\">Soporte t\u00e9cnico local, humano y cercano<br><\/h5><\/div><p class=\"uagb-ifb-desc\">Contamos con un equipo en la regi\u00f3n, listo para ayudarle.<br><br>Brindamos atenci\u00f3n personalizada, sin bots ni esperas eternas.<br><\/p><\/div><\/div><\/div>\n\n\n\n<div class=\"wp-block-uagb-info-box uagb-block-90404bc1 uagb-infobox__content-wrap  uagb-infobox-icon-above-title uagb-infobox-image-valign-top wp-block-uagb-info-box--has-margin\"><div class=\"uagb-infobox-margin-wrapper\"><div class=\"uagb-ifb-content\"><div class=\"uagb-ifb-icon-wrap\"><svg xmlns=\"https:\/\/www.w3.org\/2000\/svg\" viewBox=\"0 0 640 512\"><path d=\"M334.6 217.4l-30 27.49C264 282.1 217.8 256.8 202.9 240.6C176 211.2 178.1 165.7 207.3 138.9L289.1 64H282.5C224.7 64 169.1 86.95 128.2 127.8L32 128.1c-17.6 0-32 14.39-32 31.98v159.8c0 17.59 14.4 32.04 31.1 32.04l114.3-.0604l90.5 81.82c27.5 22.37 67.75 18.11 90-9.255l18.12 15.25c15.88 12.1 39.38 10.5 52.38-5.369l31.38-38.6l5.374 4.498c13.75 11 33.88 9.002 45-4.748l9.576-11.83c11.08-13.7 8.979-33.75-4.701-44.86L334.6 217.4zM608 128.1l-96-.1257c-40.98-40.96-96.56-63.88-154.5-63.88L348.9 64c-8 0-15.62 3.197-21.62 8.568L229 162.3C228.9 162.5 228.8 162.7 228.8 162.7C212 178.5 212.4 203.3 226.6 218.7c9.625 10.5 35 21.62 56.13 2.75c0-.125 .25-.125 .375-.25l80-73.1c6.5-5.871 16.62-5.496 22.62 1s5.5 16.62-1 22.62l-26.12 23.87l145.6 118.1c12.12 9.992 19.5 23.49 22.12 37.98L608 351.7c17.6 0 32-14.38 32-31.98V160.1C640 142.4 625.7 128.1 608 128.1z\"><\/path><\/svg><\/div><div class=\"uagb-ifb-title-wrap\"><h5 class=\"uagb-ifb-title\"><strong>Servicio garantizado<\/strong><\/h5><\/div><p class=\"uagb-ifb-desc\">ofrecemos un servicio respaldado por contratos claros y soporte continuo.<br><br>Nos comprometemos a mantener la calidad y la estabilidad que su conexi\u00f3n merece.<\/p><\/div><\/div><\/div>\n\n\n\n<div class=\"wp-block-uagb-info-box uagb-block-cb852a91 uagb-infobox__content-wrap  uagb-infobox-icon-above-title uagb-infobox-image-valign-top wp-block-uagb-info-box--has-margin\"><div class=\"uagb-infobox-margin-wrapper\"><div class=\"uagb-ifb-content\"><div class=\"uagb-ifb-icon-wrap\"><svg xmlns=\"https:\/\/www.w3.org\/2000\/svg\" viewBox=\"0 0 512 512\"><path d=\"M0 256C0 114.6 114.6 0 256 0C397.4 0 512 114.6 512 256C512 397.4 397.4 512 256 512C114.6 512 0 397.4 0 256zM371.8 211.8C382.7 200.9 382.7 183.1 371.8 172.2C360.9 161.3 343.1 161.3 332.2 172.2L224 280.4L179.8 236.2C168.9 225.3 151.1 225.3 140.2 236.2C129.3 247.1 129.3 264.9 140.2 275.8L204.2 339.8C215.1 350.7 232.9 350.7 243.8 339.8L371.8 211.8z\"><\/path><\/svg><\/div><div class=\"uagb-ifb-title-wrap\"><h5 class=\"uagb-ifb-title\">Trabajo confiable<\/h5><\/div><p class=\"uagb-ifb-desc\">Nuestra experiencia y compromiso nos han ganado la confianza de cientos de clientes satisfechos.<br><br>Trabajamos con responsabilidad y transparencia para ofrecerle siempre la mejor conexi\u00f3n.<\/p><\/div><\/div><\/div>\n\n\n\n<div class=\"wp-block-uagb-info-box uagb-block-3209aa2e uagb-infobox__content-wrap  uagb-infobox-icon-above-title uagb-infobox-image-valign-top wp-block-uagb-info-box--has-margin\"><div class=\"uagb-infobox-margin-wrapper\"><div class=\"uagb-ifb-content\"><div class=\"uagb-ifb-icon-wrap\"><svg xmlns=\"https:\/\/www.w3.org\/2000\/svg\" viewBox=\"0 0 576 512\"><path d=\"M160.9 59.01C149.3 52.6 134.7 56.76 128.3 68.39C117.6 87.6 112 109.4 112 131.4c0 19.03 4.031 37.44 11.98 54.62c4.047 8.777 12.73 13.93 21.8 13.93c3.375 0 6.797-.7187 10.05-2.219C167.9 192.2 173.1 177.1 167.5 165.9C162.5 155.1 160 143.5 160 131.4c0-13.93 3.547-27.69 10.25-39.81C176.7 80.04 172.5 65.42 160.9 59.01zM62.61 2.363C46.17-4.32 27.58 3.676 20.95 20.02C7.047 54.36 0 90.69 0 127.1C0 165.3 7.047 201.7 20.95 236C25.98 248.5 37.97 256 50.63 256C54.61 256 58.69 255.3 62.61 253.7C79 247 86.91 228.4 80.27 212C69.47 185.3 64 157.1 64 128c0-29.06 5.469-57.3 16.27-83.99C86.91 27.64 79 8.988 62.61 2.363zM555 20.02c-6.609-16.41-25.23-24.31-41.66-17.66c-16.39 6.625-24.3 25.28-17.66 41.65C506.5 70.7 512 98.95 512 128c0 29.06-5.469 57.31-16.27 83.1C489.1 228.4 497 247 513.4 253.7C517.3 255.3 521.4 256 525.4 256c12.66 0 24.64-7.562 29.67-20C568.1 201.7 576 165.3 576 127.1C576 90.69 568.1 54.36 555 20.02zM420.2 58.23c-12.03 5.562-17.28 19.81-11.72 31.84C413.5 100.9 416 112.5 416 124.6c0 13.94-3.547 27.69-10.25 39.81c-6.422 11.59-2.219 26.22 9.375 32.62c3.688 2.031 7.672 3 11.61 3c8.438 0 16.64-4.47 21.02-12.37C458.4 168.4 464 146.6 464 124.6c0-19.03-4.031-37.43-11.98-54.62C446.5 57.89 432.1 52.7 420.2 58.23zM301.8 65.45C260.5 56.78 224 88.13 224 128c0 23.63 12.95 44.04 32 55.12v296.9c0 17.67 14.33 32 32 32s32-14.33 32-32V183.1c23.25-13.54 37.42-40.96 30.03-71.18C344.4 88.91 325 70.31 301.8 65.45z\"><\/path><\/svg><\/div><div class=\"uagb-ifb-title-wrap\"><h5 class=\"uagb-ifb-title\">Infraestructura propia<\/h5><\/div><p class=\"uagb-ifb-desc\">Permite brindar un servicio&nbsp;<strong>estable, seguro y escalable<\/strong>, con velocidades que se adaptan a las necesidades de cada usuario.<\/p><\/div><\/div><\/div>\n<\/div><\/div>\n<\/div><\/div>\n\n\n\n<div class=\"wp-block-uagb-container uagb-block-9e6eb056 alignfull uagb-is-root-container\"><div class=\"uagb-container-inner-blocks-wrap\">\n<div class=\"wp-block-uagb-info-box uagb-block-f4ec72d3 uagb-infobox__content-wrap  uagb-infobox-icon-above-title uagb-infobox-image-valign-top wp-block-uagb-info-box--has-margin\"><div class=\"uagb-infobox-margin-wrapper\"><div class=\"uagb-ifb-content\"><div class=\"uagb-ifb-title-wrap\"><h6 class=\"uagb-ifb-title-prefix\">cont\u00e1ctenos<\/h6><h2 class=\"uagb-ifb-title\">320 230 2929 \u2013 312 258 8755<\/h2><\/div><div class=\"uagb-ifb-separator\"><\/div><\/div><\/div><\/div>\n\n\n\n<div class=\"wp-block-uagb-advanced-heading uagb-block-320b4215\"><h6 class=\"uagb-heading-text\">cu\u00e9ntenos su necesidad<br><a href=\"https:\/\/vpntelecomunicaciones.com\/vpn\/#\"><\/a><\/h6><\/div>\n\n\n\n<div class=\"wp-block-uagb-buttons uagb-buttons__outer-wrap uagb-btn__default-btn uagb-btn-tablet__default-btn uagb-btn-mobile__default-btn uagb-block-95db8ceb\"><div class=\"uagb-buttons__wrap uagb-buttons-layout-wrap \">\n<div class=\"wp-block-uagb-buttons-child uagb-buttons__outer-wrap uagb-block-65fab600 wp-block-button\"><div class=\"uagb-button__wrapper\"><a class=\"uagb-buttons-repeater wp-block-button__link\" aria-label=\"\" href=\"https:\/\/vpntelecomunicaciones.com\/vpn\/formulario-de-contacto\/\" rel=\"follow noopener\" target=\"_self\" role=\"button\"><div class=\"uagb-button__link\">Escr\u00edbanos<\/div><\/a><\/div><\/div>\n<\/div><\/div>\n<\/div><\/div>\n","protected":false},"excerpt":{"rendered":"<p>cu\u00e9ntenos su necesidad<\/p>\n","protected":false},"author":1,"featured_media":0,"parent":0,"menu_order":0,"comment_status":"closed","ping_status":"closed","template":"","meta":{"_surecart_dashboard_logo_width":"180px","_surecart_dashboard_show_logo":true,"_surecart_dashboard_navigation_orders":true,"_surecart_dashboard_navigation_invoices":true,"_surecart_dashboard_navigation_subscriptions":true,"_surecart_dashboard_navigation_downloads":true,"_surecart_dashboard_navigation_billing":true,"_surecart_dashboard_navigation_account":true,"_uag_custom_page_level_css":"","site-sidebar-layout":"default","site-content-layout":"page-builder","ast-site-content-layout":"full-width-container","site-content-style":"unboxed","site-sidebar-style":"unboxed","ast-global-header-display":"","ast-banner-title-visibility":"","ast-main-header-display":"","ast-hfb-above-header-display":"","ast-hfb-below-header-display":"","ast-hfb-mobile-header-display":"","site-post-title":"disabled","ast-breadcrumbs-content":"","ast-featured-img":"","footer-sml-layout":"","theme-transparent-header-meta":"enabled","adv-header-id-meta":"","stick-header-meta":"","header-above-stick-meta":"","header-main-stick-meta":"","header-below-stick-meta":"","astra-migrate-meta-layouts":"set","ast-page-background-enabled":"default","ast-page-background-meta":{"desktop":{"background-color":"","background-image":"","background-repeat":"repeat","background-position":"center center","background-size":"auto","background-attachment":"scroll","background-type":"","background-media":"","overlay-type":"","overlay-color":"","overlay-opacity":"","overlay-gradient":""},"tablet":{"background-color":"","background-image":"","background-repeat":"repeat","background-position":"center center","background-size":"auto","background-attachment":"scroll","background-type":"","background-media":"","overlay-type":"","overlay-color":"","overlay-opacity":"","overlay-gradient":""},"mobile":{"background-color":"","background-image":"","background-repeat":"repeat","background-position":"center center","background-size":"auto","background-attachment":"scroll","background-type":"","background-media":"","overlay-type":"","overlay-color":"","overlay-opacity":"","overlay-gradient":""}},"ast-content-background-meta":{"desktop":{"background-color":"var(--ast-global-color-5)","background-image":"","background-repeat":"repeat","background-position":"center center","background-size":"auto","background-attachment":"scroll","background-type":"","background-media":"","overlay-type":"","overlay-color":"","overlay-opacity":"","overlay-gradient":""},"tablet":{"background-color":"var(--ast-global-color-5)","background-image":"","background-repeat":"repeat","background-position":"center center","background-size":"auto","background-attachment":"scroll","background-type":"","background-media":"","overlay-type":"","overlay-color":"","overlay-opacity":"","overlay-gradient":""},"mobile":{"background-color":"var(--ast-global-color-5)","background-image":"","background-repeat":"repeat","background-position":"center center","background-size":"auto","background-attachment":"scroll","background-type":"","background-media":"","overlay-type":"","overlay-color":"","overlay-opacity":"","overlay-gradient":""}},"footnotes":""},"class_list":["post-1811","page","type-page","status-publish","hentry"],"uagb_featured_image_src":{"full":false,"thumbnail":false,"medium":false,"medium_large":false,"large":false,"1536x1536":false,"2048x2048":false},"uagb_author_info":{"display_name":"jucar70","author_link":"https:\/\/vpntelecomunicaciones.com\/vpn\/author\/jucar70\/"},"uagb_comment_info":0,"uagb_excerpt":"cu\u00e9ntenos su necesidad","_links":{"self":[{"href":"https:\/\/vpntelecomunicaciones.com\/vpn\/wp-json\/wp\/v2\/pages\/1811","targetHints":{"allow":["GET"]}}],"collection":[{"href":"https:\/\/vpntelecomunicaciones.com\/vpn\/wp-json\/wp\/v2\/pages"}],"about":[{"href":"https:\/\/vpntelecomunicaciones.com\/vpn\/wp-json\/wp\/v2\/types\/page"}],"author":[{"embeddable":true,"href":"https:\/\/vpntelecomunicaciones.com\/vpn\/wp-json\/wp\/v2\/users\/1"}],"replies":[{"embeddable":true,"href":"https:\/\/vpntelecomunicaciones.com\/vpn\/wp-json\/wp\/v2\/comments?post=1811"}],"version-history":[{"count":9,"href":"https:\/\/vpntelecomunicaciones.com\/vpn\/wp-json\/wp\/v2\/pages\/1811\/revisions"}],"predecessor-version":[{"id":3496,"href":"https:\/\/vpntelecomunicaciones.com\/vpn\/wp-json\/wp\/v2\/pages\/1811\/revisions\/3496"}],"wp:attachment":[{"href":"https:\/\/vpntelecomunicaciones.com\/vpn\/wp-json\/wp\/v2\/media?parent=1811"}],"curies":[{"name":"wp","href":"https:\/\/api.w.org\/{rel}","templated":true}]}}