{"id":1490,"date":"2025-05-27T03:27:45","date_gmt":"2025-05-27T03:27:45","guid":{"rendered":"https:\/\/vpntelecomunicaciones.com\/vpn\/about\/"},"modified":"2025-07-23T10:23:25","modified_gmt":"2025-07-23T10:23:25","slug":"planes","status":"publish","type":"page","link":"https:\/\/vpntelecomunicaciones.com\/vpn\/planes\/","title":{"rendered":"Nuestros planes"},"content":{"rendered":"\n<div class=\"wp-block-uagb-container uagb-block-18067cae alignfull uagb-is-root-container\"><div class=\"uagb-container-inner-blocks-wrap\">\n<div class=\"wp-block-uagb-info-box uagb-block-5ab188a0 uagb-infobox__content-wrap  uagb-infobox-icon-above-title uagb-infobox-image-valign-top wp-block-uagb-info-box--has-margin\"><div class=\"uagb-infobox-margin-wrapper\"><div class=\"uagb-ifb-content\"><div class=\"uagb-ifb-title-wrap\"><h1 class=\"uagb-ifb-title\">Planes comerciales<\/h1><\/div><div class=\"uagb-ifb-separator\"><\/div><\/div><\/div><\/div>\n<\/div><\/div>\n\n\n\n<div class=\"wp-block-uagb-container uagb-block-0682ea1d alignfull uagb-is-root-container\"><div class=\"uagb-container-inner-blocks-wrap\">\n<div class=\"wp-block-uagb-container uagb-block-d904cbea\">\n<div class=\"wp-block-uagb-container uagb-block-37158dbe\">\n<div class=\"wp-block-uagb-info-box uagb-block-1d62cba7 uagb-infobox__content-wrap  uagb-infobox-icon-above-title uagb-infobox-image-valign-top\"><div class=\"uagb-ifb-content\"><div class=\"uagb-ifb-image-content\"><img decoding=\"async\" src=\"https:\/\/vpntelecomunicaciones.com\/vpn\/wp-content\/uploads\/2025\/07\/Nuevos-Planes.png\" alt=\"\" width=\"\" height=\"0\" loading=\"lazy\"\/><\/div><div class=\"uagb-ifb-title-wrap\"><div class=\"uagb-ifb-separator\"><\/div><h3 class=\"uagb-ifb-title\">Planes b\u00e1sicos<\/h3><\/div><p class=\"uagb-ifb-desc\">Conexi\u00f3n estable y segura<\/p><\/div><\/div>\n<\/div>\n\n\n\n<div class=\"wp-block-uagb-container uagb-block-75bd7c61\">\n<div class=\"wp-block-uagb-info-box uagb-block-4eb4800b uagb-infobox__content-wrap  uagb-infobox-icon-above-title uagb-infobox-image-valign-top\"><div class=\"uagb-ifb-content\"><div class=\"uagb-ifb-image-content\"><img decoding=\"async\" src=\"https:\/\/vpntelecomunicaciones.com\/vpn\/wp-content\/uploads\/2025\/06\/Planes-15-25-1.png\" alt=\"\" width=\"\" height=\"0\" loading=\"lazy\"\/><\/div><div class=\"uagb-ifb-title-wrap\"><div class=\"uagb-ifb-separator\"><\/div><h3 class=\"uagb-ifb-title\">Planes Premium<\/h3><\/div><p class=\"uagb-ifb-desc\">Para trabajar y estudiar<\/p><\/div><\/div>\n<\/div>\n\n\n\n<div class=\"wp-block-uagb-container uagb-block-bb6ae8ac\">\n<div class=\"wp-block-uagb-info-box uagb-block-4f0b567b uagb-infobox__content-wrap  uagb-infobox-icon-above-title uagb-infobox-image-valign-top\"><div class=\"uagb-ifb-content\"><div class=\"uagb-ifb-image-content\"><img decoding=\"async\" src=\"https:\/\/vpntelecomunicaciones.com\/vpn\/wp-content\/uploads\/2025\/06\/Empresas.png\" alt=\"\" width=\"\" height=\"0\" loading=\"lazy\"\/><\/div><div class=\"uagb-ifb-title-wrap\"><div class=\"uagb-ifb-separator\"><\/div><h3 class=\"uagb-ifb-title\">Planes especiales<\/h3><\/div><\/div><\/div>\n\n\n\n<div class=\"wp-block-uagb-icon-list uagb-block-0df84fb5\"><div class=\"uagb-icon-list__wrap\">\n<div class=\"wp-block-uagb-icon-list-child uagb-block-e0950454\"><a target=\"_self\" aria-label=\"Canales dedicados\" rel=\"noopener noreferrer\" href=\"#\"> <\/a><span class=\"uagb-icon-list__source-wrap\"><svg xmlns=\"https:\/\/www.w3.org\/2000\/svg\" viewBox=\"0 0 256 512\"><path d=\"M118.6 105.4l128 127.1C252.9 239.6 256 247.8 256 255.1s-3.125 16.38-9.375 22.63l-128 127.1c-9.156 9.156-22.91 11.9-34.88 6.943S64 396.9 64 383.1V128c0-12.94 7.781-24.62 19.75-29.58S109.5 96.23 118.6 105.4z\"><\/path><\/svg><\/span><span class=\"uagb-icon-list__label\">Canales dedicados<\/span><\/div>\n\n\n\n<div class=\"wp-block-uagb-icon-list-child uagb-block-110e683d\"><a target=\"_self\" aria-label=\"Enlaces punto a punto\" rel=\"noopener noreferrer\" href=\"#\"> <\/a><span class=\"uagb-icon-list__source-wrap\"><svg xmlns=\"https:\/\/www.w3.org\/2000\/svg\" viewBox=\"0 0 256 512\"><path d=\"M118.6 105.4l128 127.1C252.9 239.6 256 247.8 256 255.1s-3.125 16.38-9.375 22.63l-128 127.1c-9.156 9.156-22.91 11.9-34.88 6.943S64 396.9 64 383.1V128c0-12.94 7.781-24.62 19.75-29.58S109.5 96.23 118.6 105.4z\"><\/path><\/svg><\/span><span class=\"uagb-icon-list__label\">Enlaces punto a punto<\/span><\/div>\n\n\n\n<div class=\"wp-block-uagb-icon-list-child uagb-block-974a5bc0\"><a target=\"_self\" aria-label=\"Proyectos\" rel=\"noopener noreferrer\" href=\"#\"> <\/a><span class=\"uagb-icon-list__source-wrap\"><svg xmlns=\"https:\/\/www.w3.org\/2000\/svg\" viewBox=\"0 0 256 512\"><path d=\"M118.6 105.4l128 127.1C252.9 239.6 256 247.8 256 255.1s-3.125 16.38-9.375 22.63l-128 127.1c-9.156 9.156-22.91 11.9-34.88 6.943S64 396.9 64 383.1V128c0-12.94 7.781-24.62 19.75-29.58S109.5 96.23 118.6 105.4z\"><\/path><\/svg><\/span><span class=\"uagb-icon-list__label\">Proyectos<\/span><\/div>\n<\/div><\/div>\n<\/div>\n<\/div>\n\n\n\n<ul class=\"wp-block-list\">\n<li><strong>Estratos 1, 2 y 3 est\u00e1n exentos de IVA.<\/strong><\/li>\n<\/ul>\n<\/div><\/div>\n\n\n\n<div class=\"wp-block-uagb-container uagb-block-47c5e8d5 default uagb-is-root-container\">\n<div class=\"wp-block-uagb-container uagb-block-9c40ba52\"><\/div>\n\n\n\n<div class=\"wp-block-uagb-container uagb-block-1ef07dee\">\n<div class=\"wp-block-uagb-advanced-heading uagb-block-f5effed3\"><h2 class=\"uagb-heading-text\">Por qu\u00e9 escogernos?<\/h2><p class=\"uagb-desc-text\">En VPN Ingenier\u00eda ofrecemos servicios de conectividad a internet por radioenlace, dise\u00f1ados para hogares, empresas, instituciones y zonas rurales. Nuestro enfoque est\u00e1 en brindar un servicio estable, de alta disponibilidad y con atenci\u00f3n cercana al cliente.<\/p><\/div>\n\n\n\n<div class=\"wp-block-uagb-container uagb-block-78b4f44e\"><div class=\"wp-block-uagb-faq uagb-faq__outer-wrap uagb-block-cbd31900 uagb-faq-icon-row-reverse uagb-faq-layout-accordion uagb-faq-expand-first-true uagb-faq-inactive-other-true uagb-faq__wrap uagb-buttons-layout-wrap uagb-faq-equal-height     \" data-faqtoggle=\"true\" role=\"tablist\"><div class=\"wp-block-uagb-faq-child uagb-faq-child__outer-wrap uagb-faq-item uagb-block-dde2a6dd \" role=\"tab\" tabindex=\"0\"><div class=\"uagb-faq-questions-button uagb-faq-questions\">\t\t\t<span class=\"uagb-icon uagb-faq-icon-wrap\">\n\t\t\t\t\t\t\t\t<svg xmlns=\"https:\/\/www.w3.org\/2000\/svg\" viewBox= \"0 0 512 512\"><path d=\"M0 256C0 114.6 114.6 0 256 0C397.4 0 512 114.6 512 256C512 397.4 397.4 512 256 512C114.6 512 0 397.4 0 256zM256 368C269.3 368 280 357.3 280 344V280H344C357.3 280 368 269.3 368 256C368 242.7 357.3 232 344 232H280V168C280 154.7 269.3 144 256 144C242.7 144 232 154.7 232 168V232H168C154.7 232 144 242.7 144 256C144 269.3 154.7 280 168 280H232V344C232 357.3 242.7 368 256 368z\"><\/path><\/svg>\n\t\t\t\t\t\t\t<\/span>\n\t\t\t\t\t\t<span class=\"uagb-icon-active uagb-faq-icon-wrap\">\n\t\t\t\t\t\t\t\t<svg xmlns=\"https:\/\/www.w3.org\/2000\/svg\" viewBox= \"0 0 512 512\"><path d=\"M0 256C0 114.6 114.6 0 256 0C397.4 0 512 114.6 512 256C512 397.4 397.4 512 256 512C114.6 512 0 397.4 0 256zM168 232C154.7 232 144 242.7 144 256C144 269.3 154.7 280 168 280H344C357.3 280 368 269.3 368 256C368 242.7 357.3 232 344 232H168z\"><\/path><\/svg>\n\t\t\t\t\t\t\t<\/span>\n\t\t\t<span class=\"uagb-question\"><strong>Beneficios de nuestros servicios<\/strong><\/span><\/div><div class=\"uagb-faq-content\"><p><br>* Monitoreo de red 24\/7.<br>* Atenci\u00f3n al cliente directa, sin intermediarios.<br>* Cumplimiento con normativas del Ministerio TIC y la SIC.<\/p><\/div><\/div><div class=\"wp-block-uagb-faq-child uagb-faq-child__outer-wrap uagb-faq-item uagb-block-8a6d129c \" role=\"tab\" tabindex=\"0\"><div class=\"uagb-faq-questions-button uagb-faq-questions\">\t\t\t<span class=\"uagb-icon uagb-faq-icon-wrap\">\n\t\t\t\t\t\t\t\t<svg xmlns=\"https:\/\/www.w3.org\/2000\/svg\" viewBox= \"0 0 512 512\"><path d=\"M0 256C0 114.6 114.6 0 256 0C397.4 0 512 114.6 512 256C512 397.4 397.4 512 256 512C114.6 512 0 397.4 0 256zM256 368C269.3 368 280 357.3 280 344V280H344C357.3 280 368 269.3 368 256C368 242.7 357.3 232 344 232H280V168C280 154.7 269.3 144 256 144C242.7 144 232 154.7 232 168V232H168C154.7 232 144 242.7 144 256C144 269.3 154.7 280 168 280H232V344C232 357.3 242.7 368 256 368z\"><\/path><\/svg>\n\t\t\t\t\t\t\t<\/span>\n\t\t\t\t\t\t<span class=\"uagb-icon-active uagb-faq-icon-wrap\">\n\t\t\t\t\t\t\t\t<svg xmlns=\"https:\/\/www.w3.org\/2000\/svg\" viewBox= \"0 0 512 512\"><path d=\"M0 256C0 114.6 114.6 0 256 0C397.4 0 512 114.6 512 256C512 397.4 397.4 512 256 512C114.6 512 0 397.4 0 256zM168 232C154.7 232 144 242.7 144 256C144 269.3 154.7 280 168 280H344C357.3 280 368 269.3 368 256C368 242.7 357.3 232 344 232H168z\"><\/path><\/svg>\n\t\t\t\t\t\t\t<\/span>\n\t\t\t<span class=\"uagb-question\"><strong>Internet Residencial<\/strong><\/span><\/div><div class=\"uagb-faq-content\"><p>Conectividad para hogares en zonas donde no llega la fibra \u00f3ptica. Planes escalables, instalaci\u00f3n r\u00e1pida y soporte personalizado.<\/p><\/div><\/div><div class=\"wp-block-uagb-faq-child uagb-faq-child__outer-wrap uagb-faq-item uagb-block-4851c2c0 \" role=\"tab\" tabindex=\"0\"><div class=\"uagb-faq-questions-button uagb-faq-questions\">\t\t\t<span class=\"uagb-icon uagb-faq-icon-wrap\">\n\t\t\t\t\t\t\t\t<svg xmlns=\"https:\/\/www.w3.org\/2000\/svg\" viewBox= \"0 0 512 512\"><path d=\"M0 256C0 114.6 114.6 0 256 0C397.4 0 512 114.6 512 256C512 397.4 397.4 512 256 512C114.6 512 0 397.4 0 256zM256 368C269.3 368 280 357.3 280 344V280H344C357.3 280 368 269.3 368 256C368 242.7 357.3 232 344 232H280V168C280 154.7 269.3 144 256 144C242.7 144 232 154.7 232 168V232H168C154.7 232 144 242.7 144 256C144 269.3 154.7 280 168 280H232V344C232 357.3 242.7 368 256 368z\"><\/path><\/svg>\n\t\t\t\t\t\t\t<\/span>\n\t\t\t\t\t\t<span class=\"uagb-icon-active uagb-faq-icon-wrap\">\n\t\t\t\t\t\t\t\t<svg xmlns=\"https:\/\/www.w3.org\/2000\/svg\" viewBox= \"0 0 512 512\"><path d=\"M0 256C0 114.6 114.6 0 256 0C397.4 0 512 114.6 512 256C512 397.4 397.4 512 256 512C114.6 512 0 397.4 0 256zM168 232C154.7 232 144 242.7 144 256C144 269.3 154.7 280 168 280H344C357.3 280 368 269.3 368 256C368 242.7 357.3 232 344 232H168z\"><\/path><\/svg>\n\t\t\t\t\t\t\t<\/span>\n\t\t\t<span class=\"uagb-question\"><strong>Internet Empresarial<\/strong><\/span><\/div><div class=\"uagb-faq-content\"><p>Soluciones dedicadas y sim\u00e9tricas para negocios, con estabilidad, monitoreo y soporte t\u00e9cnico especializado.<\/p><\/div><\/div><div class=\"wp-block-uagb-faq-child uagb-faq-child__outer-wrap uagb-faq-item uagb-block-70ca7a71 \" role=\"tab\" tabindex=\"0\"><div class=\"uagb-faq-questions-button uagb-faq-questions\">\t\t\t<span class=\"uagb-icon uagb-faq-icon-wrap\">\n\t\t\t\t\t\t\t\t<svg xmlns=\"https:\/\/www.w3.org\/2000\/svg\" viewBox= \"0 0 512 512\"><path d=\"M0 256C0 114.6 114.6 0 256 0C397.4 0 512 114.6 512 256C512 397.4 397.4 512 256 512C114.6 512 0 397.4 0 256zM256 368C269.3 368 280 357.3 280 344V280H344C357.3 280 368 269.3 368 256C368 242.7 357.3 232 344 232H280V168C280 154.7 269.3 144 256 144C242.7 144 232 154.7 232 168V232H168C154.7 232 144 242.7 144 256C144 269.3 154.7 280 168 280H232V344C232 357.3 242.7 368 256 368z\"><\/path><\/svg>\n\t\t\t\t\t\t\t<\/span>\n\t\t\t\t\t\t<span class=\"uagb-icon-active uagb-faq-icon-wrap\">\n\t\t\t\t\t\t\t\t<svg xmlns=\"https:\/\/www.w3.org\/2000\/svg\" viewBox= \"0 0 512 512\"><path d=\"M0 256C0 114.6 114.6 0 256 0C397.4 0 512 114.6 512 256C512 397.4 397.4 512 256 512C114.6 512 0 397.4 0 256zM168 232C154.7 232 144 242.7 144 256C144 269.3 154.7 280 168 280H344C357.3 280 368 269.3 368 256C368 242.7 357.3 232 344 232H168z\"><\/path><\/svg>\n\t\t\t\t\t\t\t<\/span>\n\t\t\t<span class=\"uagb-question\"><strong>Enlaces Punto a Punto (P2P)<\/strong><\/span><\/div><div class=\"uagb-faq-content\"><p>Ideal para conectar dos o m\u00e1s sedes de una empresa o instituci\u00f3n. Alta velocidad, baja latencia y seguridad garantizada.<\/p><\/div><\/div><div class=\"wp-block-uagb-faq-child uagb-faq-child__outer-wrap uagb-faq-item uagb-block-b31336a7 \" role=\"tab\" tabindex=\"0\"><div class=\"uagb-faq-questions-button uagb-faq-questions\">\t\t\t<span class=\"uagb-icon uagb-faq-icon-wrap\">\n\t\t\t\t\t\t\t\t<svg xmlns=\"https:\/\/www.w3.org\/2000\/svg\" viewBox= \"0 0 512 512\"><path d=\"M0 256C0 114.6 114.6 0 256 0C397.4 0 512 114.6 512 256C512 397.4 397.4 512 256 512C114.6 512 0 397.4 0 256zM256 368C269.3 368 280 357.3 280 344V280H344C357.3 280 368 269.3 368 256C368 242.7 357.3 232 344 232H280V168C280 154.7 269.3 144 256 144C242.7 144 232 154.7 232 168V232H168C154.7 232 144 242.7 144 256C144 269.3 154.7 280 168 280H232V344C232 357.3 242.7 368 256 368z\"><\/path><\/svg>\n\t\t\t\t\t\t\t<\/span>\n\t\t\t\t\t\t<span class=\"uagb-icon-active uagb-faq-icon-wrap\">\n\t\t\t\t\t\t\t\t<svg xmlns=\"https:\/\/www.w3.org\/2000\/svg\" viewBox= \"0 0 512 512\"><path d=\"M0 256C0 114.6 114.6 0 256 0C397.4 0 512 114.6 512 256C512 397.4 397.4 512 256 512C114.6 512 0 397.4 0 256zM168 232C154.7 232 144 242.7 144 256C144 269.3 154.7 280 168 280H344C357.3 280 368 269.3 368 256C368 242.7 357.3 232 344 232H168z\"><\/path><\/svg>\n\t\t\t\t\t\t\t<\/span>\n\t\t\t<span class=\"uagb-question\"><strong>Cumplimiento legal<\/strong><\/span><\/div><div class=\"uagb-faq-content\"><p>Nuestros servicios est\u00e1n sujetos a disponibilidad t\u00e9cnica en la zona.<br>Cumplimos con las regulaciones de la <strong>CRC<\/strong>, la <strong>Ley 1581 de 2012<\/strong> sobre protecci\u00f3n de datos personales, y todas las disposiciones del <strong>Ministerio TIC<\/strong> y la <strong>Superintendencia de Industria y Comercio (SIC)<\/strong> para prestadores de servicios de telecomunicaciones.<\/p><\/div><\/div><\/div><\/div>\n<\/div>\n<\/div>\n\n\n\n<div class=\"wp-block-uagb-container uagb-block-b997312a alignfull uagb-is-root-container\"><div class=\"uagb-container-inner-blocks-wrap\">\n<div class=\"wp-block-uagb-container uagb-layout-grid uagb-block-005fba1f\">\n<div class=\"wp-block-uagb-advanced-heading uagb-block-12865cae\"><h3 class=\"uagb-heading-text\">Tiene un proyecto de conectividad a internet especial?\u200b<\/h3><p class=\"uagb-desc-text\">Lo asesoramos y lo ponemos en ejecuci\u00f3n<\/p><\/div>\n\n\n\n<div class=\"wp-block-uagb-buttons uagb-buttons__outer-wrap uagb-btn__default-btn uagb-btn-tablet__default-btn uagb-btn-mobile__default-btn uagb-block-2c953428\"><div class=\"uagb-buttons__wrap uagb-buttons-layout-wrap \">\n<div class=\"wp-block-uagb-buttons-child uagb-buttons__outer-wrap uagb-block-8bb4b826 wp-block-button\"><div class=\"uagb-button__wrapper\"><a class=\"uagb-buttons-repeater wp-block-button__link\" aria-label=\"\" href=\"https:\/\/vpntelecomunicaciones.com\/vpn\/formulario-de-contacto\/\" rel=\"follow noopener\" target=\"_self\" role=\"button\"><div class=\"uagb-button__link\">312 258 87 55<\/div><\/a><\/div><\/div>\n<\/div><\/div>\n<\/div>\n<\/div><\/div>\n","protected":false},"excerpt":{"rendered":"<p>Por qu\u00e9 escogernos? En VPN Ingenier\u00eda ofrecemos servicios de conectividad a internet por radioenlace, dise\u00f1ados para hogares, empresas, instituciones y zonas rurales. Nuestro enfoque est\u00e1 en brindar un servicio estable, de alta disponibilidad y con atenci\u00f3n cercana al cliente. Tiene un proyecto de conectividad a internet especial?\u200b Lo asesoramos y lo ponemos en ejecuci\u00f3n<\/p>\n","protected":false},"author":1,"featured_media":0,"parent":0,"menu_order":0,"comment_status":"closed","ping_status":"closed","template":"","meta":{"_surecart_dashboard_logo_width":"180px","_surecart_dashboard_show_logo":true,"_surecart_dashboard_navigation_orders":true,"_surecart_dashboard_navigation_invoices":true,"_surecart_dashboard_navigation_subscriptions":true,"_surecart_dashboard_navigation_downloads":true,"_surecart_dashboard_navigation_billing":true,"_surecart_dashboard_navigation_account":true,"_uag_custom_page_level_css":"","site-sidebar-layout":"no-sidebar","site-content-layout":"page-builder","ast-site-content-layout":"full-width-container","site-content-style":"unboxed","site-sidebar-style":"unboxed","ast-global-header-display":"","ast-banner-title-visibility":"","ast-main-header-display":"","ast-hfb-above-header-display":"","ast-hfb-below-header-display":"","ast-hfb-mobile-header-display":"","site-post-title":"disabled","ast-breadcrumbs-content":"","ast-featured-img":"disabled","footer-sml-layout":"","theme-transparent-header-meta":"enabled","adv-header-id-meta":"","stick-header-meta":"","header-above-stick-meta":"","header-main-stick-meta":"","header-below-stick-meta":"","astra-migrate-meta-layouts":"set","ast-page-background-enabled":"default","ast-page-background-meta":{"desktop":{"background-color":"","background-image":"","background-repeat":"repeat","background-position":"center center","background-size":"auto","background-attachment":"scroll","background-type":"","background-media":"","overlay-type":"","overlay-color":"","overlay-opacity":"","overlay-gradient":""},"tablet":{"background-color":"","background-image":"","background-repeat":"repeat","background-position":"center center","background-size":"auto","background-attachment":"scroll","background-type":"","background-media":"","overlay-type":"","overlay-color":"","overlay-opacity":"","overlay-gradient":""},"mobile":{"background-color":"","background-image":"","background-repeat":"repeat","background-position":"center center","background-size":"auto","background-attachment":"scroll","background-type":"","background-media":"","overlay-type":"","overlay-color":"","overlay-opacity":"","overlay-gradient":""}},"ast-content-background-meta":{"desktop":{"background-color":"var(--ast-global-color-5)","background-image":"","background-repeat":"repeat","background-position":"center center","background-size":"auto","background-attachment":"scroll","background-type":"","background-media":"","overlay-type":"","overlay-color":"","overlay-opacity":"","overlay-gradient":""},"tablet":{"background-color":"var(--ast-global-color-5)","background-image":"","background-repeat":"repeat","background-position":"center center","background-size":"auto","background-attachment":"scroll","background-type":"","background-media":"","overlay-type":"","overlay-color":"","overlay-opacity":"","overlay-gradient":""},"mobile":{"background-color":"var(--ast-global-color-5)","background-image":"","background-repeat":"repeat","background-position":"center center","background-size":"auto","background-attachment":"scroll","background-type":"","background-media":"","overlay-type":"","overlay-color":"","overlay-opacity":"","overlay-gradient":""}},"footnotes":""},"class_list":["post-1490","page","type-page","status-publish","hentry"],"uagb_featured_image_src":{"full":false,"thumbnail":false,"medium":false,"medium_large":false,"large":false,"1536x1536":false,"2048x2048":false},"uagb_author_info":{"display_name":"jucar70","author_link":"https:\/\/vpntelecomunicaciones.com\/vpn\/author\/jucar70\/"},"uagb_comment_info":0,"uagb_excerpt":"Por qu\u00e9 escogernos? En VPN Ingenier\u00eda ofrecemos servicios de conectividad a internet por radioenlace, dise\u00f1ados para hogares, empresas, instituciones y zonas rurales. Nuestro enfoque est\u00e1 en brindar un servicio estable, de alta disponibilidad y con atenci\u00f3n cercana al cliente. Tiene un proyecto de conectividad a internet especial?\u200b Lo asesoramos y lo ponemos en ejecuci\u00f3n","_links":{"self":[{"href":"https:\/\/vpntelecomunicaciones.com\/vpn\/wp-json\/wp\/v2\/pages\/1490","targetHints":{"allow":["GET"]}}],"collection":[{"href":"https:\/\/vpntelecomunicaciones.com\/vpn\/wp-json\/wp\/v2\/pages"}],"about":[{"href":"https:\/\/vpntelecomunicaciones.com\/vpn\/wp-json\/wp\/v2\/types\/page"}],"author":[{"embeddable":true,"href":"https:\/\/vpntelecomunicaciones.com\/vpn\/wp-json\/wp\/v2\/users\/1"}],"replies":[{"embeddable":true,"href":"https:\/\/vpntelecomunicaciones.com\/vpn\/wp-json\/wp\/v2\/comments?post=1490"}],"version-history":[{"count":11,"href":"https:\/\/vpntelecomunicaciones.com\/vpn\/wp-json\/wp\/v2\/pages\/1490\/revisions"}],"predecessor-version":[{"id":3599,"href":"https:\/\/vpntelecomunicaciones.com\/vpn\/wp-json\/wp\/v2\/pages\/1490\/revisions\/3599"}],"wp:attachment":[{"href":"https:\/\/vpntelecomunicaciones.com\/vpn\/wp-json\/wp\/v2\/media?parent=1490"}],"curies":[{"name":"wp","href":"https:\/\/api.w.org\/{rel}","templated":true}]}}